{"id":24864,"date":"2025-08-01T18:23:36","date_gmt":"2025-08-01T16:23:36","guid":{"rendered":"https:\/\/uj.adatbank.ro\/lexikon\/termek\/wermescher-samuel\/"},"modified":"2025-08-01T18:23:36","modified_gmt":"2025-08-01T16:23:36","slug":"wermescher-samuel","status":"publish","type":"product","link":"https:\/\/uj.adatbank.ro\/lexikon\/termek\/wermescher-samuel\/","title":{"rendered":"WERMESCHER S\u00e1muel"},"content":{"rendered":"<p>?, \u2020\u00a0?: gy\u00e1ros, birtokos. \u2013 Vajdaszentiv\u00e1nyon 100 holdon fel\u00fcli birtokos (1895). Beresztelk\u00e9n birtokolt egy szeszgy\u00e1rat (1926). Szeszgy\u00e1ra volt Sz\u00e1szr\u00e9genben (alap\u00edt\u00e1sa 1923) \u00e9s finom\u00edt\u00f3, denatur\u00e1l\u00f3 telepe. Wermescher S\u00e1muel \u00d6r\u00f6k\u00f6sei \u00e9s Messer Elem\u00e9r n\u00e9ven m\u0171k\u00f6d\u00f6tt tov\u00e1bb, 10 munk\u00e1ssal. <br \/><strong>\u2013 Irod.:<\/strong> B\u00edr\u00f3 Don\u00e1t; EBKL; Pan\u0103; Vajdaszentiv\u00e1ny.<\/br><\/p>\n","protected":false},"excerpt":{"rendered":"<p>?, \u2020\u00a0?: gy\u00e1ros, birtokos. \u2013 Vajdaszentiv\u00e1nyon 100 holdon fel\u00fcli birtokos (1895). Beresztelk\u00e9n birtokolt egy szeszgy\u00e1rat (1926). Szeszgy\u00e1ra volt Sz\u00e1szr\u00e9genben (alap\u00edt\u00e1sa 1923) \u00e9s finom\u00edt\u00f3, denatur\u00e1l\u00f3 telepe. Wermescher S\u00e1muel \u00d6r\u00f6k\u00f6sei \u00e9s Messer Elem\u00e9r n\u00e9ven m\u0171k\u00f6d\u00f6tt tov\u00e1bb, 10 munk\u00e1ssal. \u2013 Irod.: B\u00edr\u00f3 Don\u00e1t; EBKL; Pan\u0103; Vajdaszentiv\u00e1ny.<\/p>\n","protected":false},"featured_media":0,"comment_status":"open","ping_status":"closed","template":"","meta":[],"product_brand":[],"product_cat":[137],"product_tag":[],"class_list":{"0":"post-24864","1":"product","2":"type-product","3":"status-publish","5":"product_cat-maros-megyei-eletrajzi-lexikon","7":"first","8":"instock","9":"shipping-taxable","10":"product-type-simple"},"_links":{"self":[{"href":"https:\/\/uj.adatbank.ro\/lexikon\/wp-json\/wp\/v2\/product\/24864","targetHints":{"allow":["GET"]}}],"collection":[{"href":"https:\/\/uj.adatbank.ro\/lexikon\/wp-json\/wp\/v2\/product"}],"about":[{"href":"https:\/\/uj.adatbank.ro\/lexikon\/wp-json\/wp\/v2\/types\/product"}],"replies":[{"embeddable":true,"href":"https:\/\/uj.adatbank.ro\/lexikon\/wp-json\/wp\/v2\/comments?post=24864"}],"wp:attachment":[{"href":"https:\/\/uj.adatbank.ro\/lexikon\/wp-json\/wp\/v2\/media?parent=24864"}],"wp:term":[{"taxonomy":"product_brand","embeddable":true,"href":"https:\/\/uj.adatbank.ro\/lexikon\/wp-json\/wp\/v2\/product_brand?post=24864"},{"taxonomy":"product_cat","embeddable":true,"href":"https:\/\/uj.adatbank.ro\/lexikon\/wp-json\/wp\/v2\/product_cat?post=24864"},{"taxonomy":"product_tag","embeddable":true,"href":"https:\/\/uj.adatbank.ro\/lexikon\/wp-json\/wp\/v2\/product_tag?post=24864"}],"curies":[{"name":"wp","href":"https:\/\/api.w.org\/{rel}","templated":true}]}}