{"id":24875,"date":"2025-08-01T18:24:02","date_gmt":"2025-08-01T16:24:02","guid":{"rendered":"https:\/\/uj.adatbank.ro\/lexikon\/termek\/wesselenyi-farkas-hadadi-br\/"},"modified":"2025-08-01T18:24:02","modified_gmt":"2025-08-01T16:24:02","slug":"wesselenyi-farkas-hadadi-br","status":"publish","type":"product","link":"https:\/\/uj.adatbank.ro\/lexikon\/termek\/wesselenyi-farkas-hadadi-br\/","title":{"rendered":"WESSEL\u00c9NYI Farkas, hadadi br."},"content":{"rendered":"<p>? \u2020\u00a01851.: cs. kir. kamar\u00e1s, \u00e1llodalmi v. b. t. t. \u00e9s K\u00f6z\u00e9p-Szolnok megye volt f\u0151isp\u00e1nja. W. Mikl\u00f3s unokab\u00e1tyja. Mv.-en h\u00e1za volt (1810), \u00edgy v\u00e1s\u00e1rhelyi lakos volt. Udvarh\u00e1za volt \u00c1d\u00e1moson (1836). Kir. hivatalos az erd\u00e9lyi 1848. \u00e9vi utols\u00f3 rendi orsz\u00e1ggy\u0171l\u00e9sen (Kv., 1848. m\u00e1j. 29. \u2013 j\u00fal. 18.). <br \/><strong>\u2013 Irod.:<\/strong> Egyed \u00c1.: Erd\u00e9ly 2001.; Keresztes Gyula: \u00d6r\u00f6ks\u00e9g\u00fcnk 56.: Az \u00c1d\u00e1mosi udvarh\u00e1zak (N\u00fa., 1994. j\u00fan. 3.); Paget; P\u00e1l-Antal 2009.<\/br><\/p>\n","protected":false},"excerpt":{"rendered":"<p>? \u2020\u00a01851.: cs. kir. kamar\u00e1s, \u00e1llodalmi v. b. t. t. \u00e9s K\u00f6z\u00e9p-Szolnok megye volt f\u0151isp\u00e1nja. W. Mikl\u00f3s unokab\u00e1tyja. Mv.-en h\u00e1za volt (1810), \u00edgy v\u00e1s\u00e1rhelyi lakos volt. Udvarh\u00e1za volt \u00c1d\u00e1moson (1836). Kir. hivatalos az erd\u00e9lyi 1848. \u00e9vi utols\u00f3 rendi orsz\u00e1ggy\u0171l\u00e9sen (Kv., 1848. m\u00e1j. 29. \u2013 j\u00fal. 18.). \u2013 Irod.: Egyed \u00c1.: Erd\u00e9ly 2001.; Keresztes Gyula: \u00d6r\u00f6ks\u00e9g\u00fcnk [&hellip;]<\/p>\n","protected":false},"featured_media":0,"comment_status":"open","ping_status":"closed","template":"","meta":[],"product_brand":[],"product_cat":[137],"product_tag":[],"class_list":{"0":"post-24875","1":"product","2":"type-product","3":"status-publish","5":"product_cat-maros-megyei-eletrajzi-lexikon","7":"first","8":"instock","9":"shipping-taxable","10":"product-type-simple"},"_links":{"self":[{"href":"https:\/\/uj.adatbank.ro\/lexikon\/wp-json\/wp\/v2\/product\/24875","targetHints":{"allow":["GET"]}}],"collection":[{"href":"https:\/\/uj.adatbank.ro\/lexikon\/wp-json\/wp\/v2\/product"}],"about":[{"href":"https:\/\/uj.adatbank.ro\/lexikon\/wp-json\/wp\/v2\/types\/product"}],"replies":[{"embeddable":true,"href":"https:\/\/uj.adatbank.ro\/lexikon\/wp-json\/wp\/v2\/comments?post=24875"}],"wp:attachment":[{"href":"https:\/\/uj.adatbank.ro\/lexikon\/wp-json\/wp\/v2\/media?parent=24875"}],"wp:term":[{"taxonomy":"product_brand","embeddable":true,"href":"https:\/\/uj.adatbank.ro\/lexikon\/wp-json\/wp\/v2\/product_brand?post=24875"},{"taxonomy":"product_cat","embeddable":true,"href":"https:\/\/uj.adatbank.ro\/lexikon\/wp-json\/wp\/v2\/product_cat?post=24875"},{"taxonomy":"product_tag","embeddable":true,"href":"https:\/\/uj.adatbank.ro\/lexikon\/wp-json\/wp\/v2\/product_tag?post=24875"}],"curies":[{"name":"wp","href":"https:\/\/api.w.org\/{rel}","templated":true}]}}