{"id":24876,"date":"2025-08-01T18:24:04","date_gmt":"2025-08-01T16:24:04","guid":{"rendered":"https:\/\/uj.adatbank.ro\/lexikon\/termek\/wesselenyi-ilona-hadadi-br-teleki-arcturne\/"},"modified":"2025-08-01T18:24:04","modified_gmt":"2025-08-01T16:24:04","slug":"wesselenyi-ilona-hadadi-br-teleki-arcturne","status":"publish","type":"product","link":"https:\/\/uj.adatbank.ro\/lexikon\/termek\/wesselenyi-ilona-hadadi-br-teleki-arcturne\/","title":{"rendered":"WESSEL\u00c9NYI Ilona, hadadi br.; Teleki Arcturn\u00e9"},"content":{"rendered":"<p>Zsib\u00f3, 1877. aug. 14., \u2020\u00a0Mv., 1959. febr. 6.: tancsi birtokos. \u2013 W. B\u00e9la (1847\u20131904) \u00e9s D\u2019Aubein Franciska le\u00e1nya. F\u00e9rjhez ment sz\u00e9ki gr. Teleki Arcturhoz (Zsib\u00f3, 1898. j\u00fal. 31). Gyermekei: B\u00e9la (1899\u20131990), Ilona (1901\u20131993), Margit (1904\u20131990), Gemma (1908\u20132001). <br \/><strong>\u2013 Irod.:<\/strong> Gudenus; Teleki \u00c9va: T\u00f6lgy \u00e9s repk\u00e9ny.<\/br><\/p>\n","protected":false},"excerpt":{"rendered":"<p>Zsib\u00f3, 1877. aug. 14., \u2020\u00a0Mv., 1959. febr. 6.: tancsi birtokos. \u2013 W. B\u00e9la (1847\u20131904) \u00e9s D\u2019Aubein Franciska le\u00e1nya. F\u00e9rjhez ment sz\u00e9ki gr. Teleki Arcturhoz (Zsib\u00f3, 1898. j\u00fal. 31). Gyermekei: B\u00e9la (1899\u20131990), Ilona (1901\u20131993), Margit (1904\u20131990), Gemma (1908\u20132001). \u2013 Irod.: Gudenus; Teleki \u00c9va: T\u00f6lgy \u00e9s repk\u00e9ny.<\/p>\n","protected":false},"featured_media":0,"comment_status":"open","ping_status":"closed","template":"","meta":[],"product_brand":[],"product_cat":[137],"product_tag":[],"class_list":{"0":"post-24876","1":"product","2":"type-product","3":"status-publish","5":"product_cat-maros-megyei-eletrajzi-lexikon","7":"first","8":"instock","9":"shipping-taxable","10":"product-type-simple"},"_links":{"self":[{"href":"https:\/\/uj.adatbank.ro\/lexikon\/wp-json\/wp\/v2\/product\/24876","targetHints":{"allow":["GET"]}}],"collection":[{"href":"https:\/\/uj.adatbank.ro\/lexikon\/wp-json\/wp\/v2\/product"}],"about":[{"href":"https:\/\/uj.adatbank.ro\/lexikon\/wp-json\/wp\/v2\/types\/product"}],"replies":[{"embeddable":true,"href":"https:\/\/uj.adatbank.ro\/lexikon\/wp-json\/wp\/v2\/comments?post=24876"}],"wp:attachment":[{"href":"https:\/\/uj.adatbank.ro\/lexikon\/wp-json\/wp\/v2\/media?parent=24876"}],"wp:term":[{"taxonomy":"product_brand","embeddable":true,"href":"https:\/\/uj.adatbank.ro\/lexikon\/wp-json\/wp\/v2\/product_brand?post=24876"},{"taxonomy":"product_cat","embeddable":true,"href":"https:\/\/uj.adatbank.ro\/lexikon\/wp-json\/wp\/v2\/product_cat?post=24876"},{"taxonomy":"product_tag","embeddable":true,"href":"https:\/\/uj.adatbank.ro\/lexikon\/wp-json\/wp\/v2\/product_tag?post=24876"}],"curies":[{"name":"wp","href":"https:\/\/api.w.org\/{rel}","templated":true}]}}