{"id":24879,"date":"2025-08-01T18:24:13","date_gmt":"2025-08-01T16:24:13","guid":{"rendered":"https:\/\/uj.adatbank.ro\/lexikon\/termek\/wesselenyi-julianna-hadadi-baro-kemeny-lajosne\/"},"modified":"2025-08-01T18:24:13","modified_gmt":"2025-08-01T16:24:13","slug":"wesselenyi-julianna-hadadi-baro-kemeny-lajosne","status":"publish","type":"product","link":"https:\/\/uj.adatbank.ro\/lexikon\/termek\/wesselenyi-julianna-hadadi-baro-kemeny-lajosne\/","title":{"rendered":"WESSEL\u00c9NYI Julianna, hadadi b\u00e1r\u00f3; Kem\u00e9ny Lajosn\u00e9"},"content":{"rendered":"<p>Magyarb\u00fckk\u00f6s, 1773., \u2020 Magyarb\u00fckk\u00f6s, 1809. jan. 30.: f\u00f6ldbirtokos. \u2013 W. Farkas (1744\u20131811) \u00e9s Bethlen J\u00falia (1751\u20131804) le\u00e1nya, f\u00e9rje magyargyer\u0151monostori br. Kem\u00e9ny Lajos (1788). Fia P\u00e1l (1793\u20131854). <br \/><strong>\u2013 Irod.:<\/strong> Gudenus; Nagy Iv\u00e1n.<\/br><\/p>\n","protected":false},"excerpt":{"rendered":"<p>Magyarb\u00fckk\u00f6s, 1773., \u2020 Magyarb\u00fckk\u00f6s, 1809. jan. 30.: f\u00f6ldbirtokos. \u2013 W. Farkas (1744\u20131811) \u00e9s Bethlen J\u00falia (1751\u20131804) le\u00e1nya, f\u00e9rje magyargyer\u0151monostori br. Kem\u00e9ny Lajos (1788). Fia P\u00e1l (1793\u20131854). \u2013 Irod.: Gudenus; Nagy Iv\u00e1n.<\/p>\n","protected":false},"featured_media":0,"comment_status":"open","ping_status":"closed","template":"","meta":[],"product_brand":[],"product_cat":[137],"product_tag":[],"class_list":{"0":"post-24879","1":"product","2":"type-product","3":"status-publish","5":"product_cat-maros-megyei-eletrajzi-lexikon","7":"first","8":"instock","9":"shipping-taxable","10":"product-type-simple"},"_links":{"self":[{"href":"https:\/\/uj.adatbank.ro\/lexikon\/wp-json\/wp\/v2\/product\/24879","targetHints":{"allow":["GET"]}}],"collection":[{"href":"https:\/\/uj.adatbank.ro\/lexikon\/wp-json\/wp\/v2\/product"}],"about":[{"href":"https:\/\/uj.adatbank.ro\/lexikon\/wp-json\/wp\/v2\/types\/product"}],"replies":[{"embeddable":true,"href":"https:\/\/uj.adatbank.ro\/lexikon\/wp-json\/wp\/v2\/comments?post=24879"}],"wp:attachment":[{"href":"https:\/\/uj.adatbank.ro\/lexikon\/wp-json\/wp\/v2\/media?parent=24879"}],"wp:term":[{"taxonomy":"product_brand","embeddable":true,"href":"https:\/\/uj.adatbank.ro\/lexikon\/wp-json\/wp\/v2\/product_brand?post=24879"},{"taxonomy":"product_cat","embeddable":true,"href":"https:\/\/uj.adatbank.ro\/lexikon\/wp-json\/wp\/v2\/product_cat?post=24879"},{"taxonomy":"product_tag","embeddable":true,"href":"https:\/\/uj.adatbank.ro\/lexikon\/wp-json\/wp\/v2\/product_tag?post=24879"}],"curies":[{"name":"wp","href":"https:\/\/api.w.org\/{rel}","templated":true}]}}