{"id":24880,"date":"2025-08-01T18:24:15","date_gmt":"2025-08-01T16:24:15","guid":{"rendered":"https:\/\/uj.adatbank.ro\/lexikon\/termek\/wesselenyi-kata-gyekei-kornis-ferencne\/"},"modified":"2025-08-01T18:24:15","modified_gmt":"2025-08-01T16:24:15","slug":"wesselenyi-kata-gyekei-kornis-ferencne","status":"publish","type":"product","link":"https:\/\/uj.adatbank.ro\/lexikon\/termek\/wesselenyi-kata-gyekei-kornis-ferencne\/","title":{"rendered":"WESSEL\u00c9NYI Kata, gyekei; Kornis Ferencn\u00e9"},"content":{"rendered":"<p>?, \u2020\u00a01658: szentbenedeki birtokos. \u2013 F\u00e9rje g\u00f6nczruszkai br. Kornis Ferenc (1607\u20131661) szentbenedeki birtokos. Gyermekei: Kata (1639\u201397), Anna, Krisztina \u2013 Haller J\u00e1nosn\u00e9, G\u00e1sp\u00e1r (1641\u20131683). A szentbenedeki kast\u00e9ly \u00f6r\u00f6k\u00f6sei, egy ideig a radn\u00f3ti v\u00e1rkast\u00e9ly is az \u00f6v\u00e9k volt. <br \/><strong>\u2013 Irod.:<\/strong> Gudenus.<\/br><\/p>\n","protected":false},"excerpt":{"rendered":"<p>?, \u2020\u00a01658: szentbenedeki birtokos. \u2013 F\u00e9rje g\u00f6nczruszkai br. Kornis Ferenc (1607\u20131661) szentbenedeki birtokos. Gyermekei: Kata (1639\u201397), Anna, Krisztina \u2013 Haller J\u00e1nosn\u00e9, G\u00e1sp\u00e1r (1641\u20131683). A szentbenedeki kast\u00e9ly \u00f6r\u00f6k\u00f6sei, egy ideig a radn\u00f3ti v\u00e1rkast\u00e9ly is az \u00f6v\u00e9k volt. \u2013 Irod.: Gudenus.<\/p>\n","protected":false},"featured_media":0,"comment_status":"open","ping_status":"closed","template":"","meta":[],"product_brand":[],"product_cat":[137],"product_tag":[],"class_list":{"0":"post-24880","1":"product","2":"type-product","3":"status-publish","5":"product_cat-maros-megyei-eletrajzi-lexikon","7":"first","8":"instock","9":"shipping-taxable","10":"product-type-simple"},"_links":{"self":[{"href":"https:\/\/uj.adatbank.ro\/lexikon\/wp-json\/wp\/v2\/product\/24880","targetHints":{"allow":["GET"]}}],"collection":[{"href":"https:\/\/uj.adatbank.ro\/lexikon\/wp-json\/wp\/v2\/product"}],"about":[{"href":"https:\/\/uj.adatbank.ro\/lexikon\/wp-json\/wp\/v2\/types\/product"}],"replies":[{"embeddable":true,"href":"https:\/\/uj.adatbank.ro\/lexikon\/wp-json\/wp\/v2\/comments?post=24880"}],"wp:attachment":[{"href":"https:\/\/uj.adatbank.ro\/lexikon\/wp-json\/wp\/v2\/media?parent=24880"}],"wp:term":[{"taxonomy":"product_brand","embeddable":true,"href":"https:\/\/uj.adatbank.ro\/lexikon\/wp-json\/wp\/v2\/product_brand?post=24880"},{"taxonomy":"product_cat","embeddable":true,"href":"https:\/\/uj.adatbank.ro\/lexikon\/wp-json\/wp\/v2\/product_cat?post=24880"},{"taxonomy":"product_tag","embeddable":true,"href":"https:\/\/uj.adatbank.ro\/lexikon\/wp-json\/wp\/v2\/product_tag?post=24880"}],"curies":[{"name":"wp","href":"https:\/\/api.w.org\/{rel}","templated":true}]}}