{"id":24882,"date":"2025-08-01T18:24:20","date_gmt":"2025-08-01T16:24:20","guid":{"rendered":"https:\/\/uj.adatbank.ro\/lexikon\/termek\/wesselenyi-kata-gyekei-sukosd-gasparne\/"},"modified":"2025-08-01T18:24:20","modified_gmt":"2025-08-01T16:24:20","slug":"wesselenyi-kata-gyekei-sukosd-gasparne","status":"publish","type":"product","link":"https:\/\/uj.adatbank.ro\/lexikon\/termek\/wesselenyi-kata-gyekei-sukosd-gasparne\/","title":{"rendered":"WESSEL\u00c9NYI Kata, gyekei; S\u00fck\u00f6sd G\u00e1sp\u00e1rn\u00e9"},"content":{"rendered":"<p>?, \u2020\u00a0?: nagyteremi birtokos. \u2013 Apja G\u00e1sp\u00e1r. F\u00e9rjhez ment nagyteremi S\u00fck\u00f6sd G\u00e1sp\u00e1rhoz (.\u2020 1589\u201392). Gyermekei: Gy\u00f6rgy (1589\u20131631), Mikl\u00f3s (1589 e.\u20131631 e.), Erzs\u00e9bet \u2013 Petki Istv\u00e1nn\u00e9. <br \/><strong>\u2013 Irod.:<\/strong> Gudenus.<\/br><\/p>\n","protected":false},"excerpt":{"rendered":"<p>?, \u2020\u00a0?: nagyteremi birtokos. \u2013 Apja G\u00e1sp\u00e1r. F\u00e9rjhez ment nagyteremi S\u00fck\u00f6sd G\u00e1sp\u00e1rhoz (.\u2020 1589\u201392). Gyermekei: Gy\u00f6rgy (1589\u20131631), Mikl\u00f3s (1589 e.\u20131631 e.), Erzs\u00e9bet \u2013 Petki Istv\u00e1nn\u00e9. \u2013 Irod.: Gudenus.<\/p>\n","protected":false},"featured_media":0,"comment_status":"open","ping_status":"closed","template":"","meta":[],"product_brand":[],"product_cat":[137],"product_tag":[],"class_list":{"0":"post-24882","1":"product","2":"type-product","3":"status-publish","5":"product_cat-maros-megyei-eletrajzi-lexikon","7":"first","8":"instock","9":"shipping-taxable","10":"product-type-simple"},"_links":{"self":[{"href":"https:\/\/uj.adatbank.ro\/lexikon\/wp-json\/wp\/v2\/product\/24882","targetHints":{"allow":["GET"]}}],"collection":[{"href":"https:\/\/uj.adatbank.ro\/lexikon\/wp-json\/wp\/v2\/product"}],"about":[{"href":"https:\/\/uj.adatbank.ro\/lexikon\/wp-json\/wp\/v2\/types\/product"}],"replies":[{"embeddable":true,"href":"https:\/\/uj.adatbank.ro\/lexikon\/wp-json\/wp\/v2\/comments?post=24882"}],"wp:attachment":[{"href":"https:\/\/uj.adatbank.ro\/lexikon\/wp-json\/wp\/v2\/media?parent=24882"}],"wp:term":[{"taxonomy":"product_brand","embeddable":true,"href":"https:\/\/uj.adatbank.ro\/lexikon\/wp-json\/wp\/v2\/product_brand?post=24882"},{"taxonomy":"product_cat","embeddable":true,"href":"https:\/\/uj.adatbank.ro\/lexikon\/wp-json\/wp\/v2\/product_cat?post=24882"},{"taxonomy":"product_tag","embeddable":true,"href":"https:\/\/uj.adatbank.ro\/lexikon\/wp-json\/wp\/v2\/product_tag?post=24882"}],"curies":[{"name":"wp","href":"https:\/\/api.w.org\/{rel}","templated":true}]}}