{"id":24884,"date":"2025-08-01T18:24:24","date_gmt":"2025-08-01T16:24:24","guid":{"rendered":"https:\/\/uj.adatbank.ro\/lexikon\/termek\/wesselenyi-maria-hadadi-br-bethlen-domokosne\/"},"modified":"2025-08-01T18:24:24","modified_gmt":"2025-08-01T16:24:24","slug":"wesselenyi-maria-hadadi-br-bethlen-domokosne","status":"publish","type":"product","link":"https:\/\/uj.adatbank.ro\/lexikon\/termek\/wesselenyi-maria-hadadi-br-bethlen-domokosne\/","title":{"rendered":"WESSEL\u00c9NYI M\u00e1ria, hadadi br., Bethlen Domokosn\u00e9"},"content":{"rendered":"<p>1736., \u2020\u00a01755: birtokos. \u2013 W. Ferenc (1705\u20131775) \u00e9s kisr\u00e9dei gr. Rh\u00e9dey Zsuzsanna (1716\u20131771) l\u00e1nya. F\u00e9rje ikt\u00e1ri gr. Bethlen Domokos (1726\u20131791). L\u00e1nya Zsuzsanna, Teleki S\u00e1mueln\u00e9 (1754\u20131787). <br \/><strong>\u2013 Irod.:<\/strong> Gudenus.<\/br><\/p>\n","protected":false},"excerpt":{"rendered":"<p>1736., \u2020\u00a01755: birtokos. \u2013 W. Ferenc (1705\u20131775) \u00e9s kisr\u00e9dei gr. Rh\u00e9dey Zsuzsanna (1716\u20131771) l\u00e1nya. F\u00e9rje ikt\u00e1ri gr. Bethlen Domokos (1726\u20131791). L\u00e1nya Zsuzsanna, Teleki S\u00e1mueln\u00e9 (1754\u20131787). \u2013 Irod.: Gudenus.<\/p>\n","protected":false},"featured_media":0,"comment_status":"open","ping_status":"closed","template":"","meta":[],"product_brand":[],"product_cat":[137],"product_tag":[],"class_list":{"0":"post-24884","1":"product","2":"type-product","3":"status-publish","5":"product_cat-maros-megyei-eletrajzi-lexikon","7":"first","8":"instock","9":"shipping-taxable","10":"product-type-simple"},"_links":{"self":[{"href":"https:\/\/uj.adatbank.ro\/lexikon\/wp-json\/wp\/v2\/product\/24884","targetHints":{"allow":["GET"]}}],"collection":[{"href":"https:\/\/uj.adatbank.ro\/lexikon\/wp-json\/wp\/v2\/product"}],"about":[{"href":"https:\/\/uj.adatbank.ro\/lexikon\/wp-json\/wp\/v2\/types\/product"}],"replies":[{"embeddable":true,"href":"https:\/\/uj.adatbank.ro\/lexikon\/wp-json\/wp\/v2\/comments?post=24884"}],"wp:attachment":[{"href":"https:\/\/uj.adatbank.ro\/lexikon\/wp-json\/wp\/v2\/media?parent=24884"}],"wp:term":[{"taxonomy":"product_brand","embeddable":true,"href":"https:\/\/uj.adatbank.ro\/lexikon\/wp-json\/wp\/v2\/product_brand?post=24884"},{"taxonomy":"product_cat","embeddable":true,"href":"https:\/\/uj.adatbank.ro\/lexikon\/wp-json\/wp\/v2\/product_cat?post=24884"},{"taxonomy":"product_tag","embeddable":true,"href":"https:\/\/uj.adatbank.ro\/lexikon\/wp-json\/wp\/v2\/product_tag?post=24884"}],"curies":[{"name":"wp","href":"https:\/\/api.w.org\/{rel}","templated":true}]}}