{"id":24887,"date":"2025-08-01T18:24:32","date_gmt":"2025-08-01T16:24:32","guid":{"rendered":"https:\/\/uj.adatbank.ro\/lexikon\/termek\/wesselenyi-palma-hadadi-br-beldi-kalmanne\/"},"modified":"2025-08-01T18:24:32","modified_gmt":"2025-08-01T16:24:32","slug":"wesselenyi-palma-hadadi-br-beldi-kalmanne","status":"publish","type":"product","link":"https:\/\/uj.adatbank.ro\/lexikon\/termek\/wesselenyi-palma-hadadi-br-beldi-kalmanne\/","title":{"rendered":"WESSEL\u00c9NYI P\u00e1lma, hadadi br.; B\u00e9ldi K\u00e1lm\u00e1nn\u00e9"},"content":{"rendered":"<p>Kv., 1881. dec. 15., \u2020 Mv., 1958. dec. 28.: birtokos \u2013 W. B\u00e9la (1847\u20131904) \u00e9s D\u2019Aubein Franciska l\u00e1nya. F\u00e9rjhez ment Zsib\u00f3n (1907. j\u00fan 16.) uzoni gr. B\u00e9ldi K\u00e1lm\u00e1nhoz. Gyermekei: Zsuzsanna \u2013 Tholdalagi J\u00f3zsefn\u00e9 majd Miskolczy Dezs\u0151n\u00e9 (1913\u20131964), Erzs\u00e9bet (1908\u20131984), D\u00e9nes (1919\u20131988), P\u00e1l J\u00f3zsef (1916\u20131972) <br \/><strong>\u2013 Irod.:<\/strong> Gudenus.<\/br><\/p>\n","protected":false},"excerpt":{"rendered":"<p>Kv., 1881. dec. 15., \u2020 Mv., 1958. dec. 28.: birtokos \u2013 W. B\u00e9la (1847\u20131904) \u00e9s D\u2019Aubein Franciska l\u00e1nya. F\u00e9rjhez ment Zsib\u00f3n (1907. j\u00fan 16.) uzoni gr. B\u00e9ldi K\u00e1lm\u00e1nhoz. Gyermekei: Zsuzsanna \u2013 Tholdalagi J\u00f3zsefn\u00e9 majd Miskolczy Dezs\u0151n\u00e9 (1913\u20131964), Erzs\u00e9bet (1908\u20131984), D\u00e9nes (1919\u20131988), P\u00e1l J\u00f3zsef (1916\u20131972) \u2013 Irod.: Gudenus.<\/p>\n","protected":false},"featured_media":0,"comment_status":"open","ping_status":"closed","template":"","meta":[],"product_brand":[],"product_cat":[137],"product_tag":[],"class_list":{"0":"post-24887","1":"product","2":"type-product","3":"status-publish","5":"product_cat-maros-megyei-eletrajzi-lexikon","7":"first","8":"instock","9":"shipping-taxable","10":"product-type-simple"},"_links":{"self":[{"href":"https:\/\/uj.adatbank.ro\/lexikon\/wp-json\/wp\/v2\/product\/24887","targetHints":{"allow":["GET"]}}],"collection":[{"href":"https:\/\/uj.adatbank.ro\/lexikon\/wp-json\/wp\/v2\/product"}],"about":[{"href":"https:\/\/uj.adatbank.ro\/lexikon\/wp-json\/wp\/v2\/types\/product"}],"replies":[{"embeddable":true,"href":"https:\/\/uj.adatbank.ro\/lexikon\/wp-json\/wp\/v2\/comments?post=24887"}],"wp:attachment":[{"href":"https:\/\/uj.adatbank.ro\/lexikon\/wp-json\/wp\/v2\/media?parent=24887"}],"wp:term":[{"taxonomy":"product_brand","embeddable":true,"href":"https:\/\/uj.adatbank.ro\/lexikon\/wp-json\/wp\/v2\/product_brand?post=24887"},{"taxonomy":"product_cat","embeddable":true,"href":"https:\/\/uj.adatbank.ro\/lexikon\/wp-json\/wp\/v2\/product_cat?post=24887"},{"taxonomy":"product_tag","embeddable":true,"href":"https:\/\/uj.adatbank.ro\/lexikon\/wp-json\/wp\/v2\/product_tag?post=24887"}],"curies":[{"name":"wp","href":"https:\/\/api.w.org\/{rel}","templated":true}]}}