{"id":24890,"date":"2025-08-01T18:24:42","date_gmt":"2025-08-01T16:24:42","guid":{"rendered":"https:\/\/uj.adatbank.ro\/lexikon\/termek\/wesselenyi-zsuzsanna-hadadi-br-gr-teleki-adamne\/"},"modified":"2025-08-01T18:24:42","modified_gmt":"2025-08-01T16:24:42","slug":"wesselenyi-zsuzsanna-hadadi-br-gr-teleki-adamne","status":"publish","type":"product","link":"https:\/\/uj.adatbank.ro\/lexikon\/termek\/wesselenyi-zsuzsanna-hadadi-br-gr-teleki-adamne\/","title":{"rendered":"WESSEL\u00c9NYI Zsuzsanna, hadadi br., gr. Teleki \u00c1d\u00e1mn\u00e9"},"content":{"rendered":"<p>?, \u2020\u00a0?: a W. csal\u00e1d \u00e9p\u00edtette a Teleki T\u00e9ka n\u00e9ven ismert \u00e9p\u00fclet bal sz\u00e1rny\u00e1t (17. sz.). W. Zs. r\u00e9v\u00e9n ker\u00fclt a Teleki csal\u00e1d tulajdon\u00e1ba. <br \/><strong>\u2013 Irod.:<\/strong> Keresztese Gyula: A hajdani Mv. 4.: A v\u00e1ros r\u00e9gi \u00e9p\u00fcletei (N\u00fa., 1995. okt. 14.).<\/br><\/p>\n","protected":false},"excerpt":{"rendered":"<p>?, \u2020\u00a0?: a W. csal\u00e1d \u00e9p\u00edtette a Teleki T\u00e9ka n\u00e9ven ismert \u00e9p\u00fclet bal sz\u00e1rny\u00e1t (17. sz.). W. Zs. r\u00e9v\u00e9n ker\u00fclt a Teleki csal\u00e1d tulajdon\u00e1ba. \u2013 Irod.: Keresztese Gyula: A hajdani Mv. 4.: A v\u00e1ros r\u00e9gi \u00e9p\u00fcletei (N\u00fa., 1995. okt. 14.).<\/p>\n","protected":false},"featured_media":0,"comment_status":"open","ping_status":"closed","template":"","meta":[],"product_brand":[],"product_cat":[137],"product_tag":[],"class_list":{"0":"post-24890","1":"product","2":"type-product","3":"status-publish","5":"product_cat-maros-megyei-eletrajzi-lexikon","7":"first","8":"instock","9":"shipping-taxable","10":"product-type-simple"},"_links":{"self":[{"href":"https:\/\/uj.adatbank.ro\/lexikon\/wp-json\/wp\/v2\/product\/24890","targetHints":{"allow":["GET"]}}],"collection":[{"href":"https:\/\/uj.adatbank.ro\/lexikon\/wp-json\/wp\/v2\/product"}],"about":[{"href":"https:\/\/uj.adatbank.ro\/lexikon\/wp-json\/wp\/v2\/types\/product"}],"replies":[{"embeddable":true,"href":"https:\/\/uj.adatbank.ro\/lexikon\/wp-json\/wp\/v2\/comments?post=24890"}],"wp:attachment":[{"href":"https:\/\/uj.adatbank.ro\/lexikon\/wp-json\/wp\/v2\/media?parent=24890"}],"wp:term":[{"taxonomy":"product_brand","embeddable":true,"href":"https:\/\/uj.adatbank.ro\/lexikon\/wp-json\/wp\/v2\/product_brand?post=24890"},{"taxonomy":"product_cat","embeddable":true,"href":"https:\/\/uj.adatbank.ro\/lexikon\/wp-json\/wp\/v2\/product_cat?post=24890"},{"taxonomy":"product_tag","embeddable":true,"href":"https:\/\/uj.adatbank.ro\/lexikon\/wp-json\/wp\/v2\/product_tag?post=24890"}],"curies":[{"name":"wp","href":"https:\/\/api.w.org\/{rel}","templated":true}]}}