{"id":24892,"date":"2025-08-01T18:24:48","date_gmt":"2025-08-01T16:24:48","guid":{"rendered":"https:\/\/uj.adatbank.ro\/lexikon\/termek\/west-johann\/"},"modified":"2025-08-01T18:24:48","modified_gmt":"2025-08-01T16:24:48","slug":"west-johann","status":"publish","type":"product","link":"https:\/\/uj.adatbank.ro\/lexikon\/termek\/west-johann\/","title":{"rendered":"WEST, Johann"},"content":{"rendered":"<p>Segesv\u00e1r, \u2020 Sz\u00e1szd\u00e1lya, 1735. szept. 2.: tan\u00e1r, lelk\u00e9sz. \u2013 Tanult J\u00e9n\u00e1ban (1715), Hall\u00e9ben (1716). Pr\u00e9dik\u00e1tor, tan\u00e1r Segesv\u00e1ron. Lelk\u00e9sz Sz\u00e1szd\u00e1ly\u00e1n (1732\u201335). <br \/><strong>\u2013 Irod.:<\/strong> Magyar t\u00f6rt\u00e9nelmi t\u00e1r 9 (Bp., 1855\u201363); Szab\u00f3\u2013Sz\u00f6gi.<\/br><\/p>\n","protected":false},"excerpt":{"rendered":"<p>Segesv\u00e1r, \u2020 Sz\u00e1szd\u00e1lya, 1735. szept. 2.: tan\u00e1r, lelk\u00e9sz. \u2013 Tanult J\u00e9n\u00e1ban (1715), Hall\u00e9ben (1716). Pr\u00e9dik\u00e1tor, tan\u00e1r Segesv\u00e1ron. Lelk\u00e9sz Sz\u00e1szd\u00e1ly\u00e1n (1732\u201335). \u2013 Irod.: Magyar t\u00f6rt\u00e9nelmi t\u00e1r 9 (Bp., 1855\u201363); Szab\u00f3\u2013Sz\u00f6gi.<\/p>\n","protected":false},"featured_media":0,"comment_status":"open","ping_status":"closed","template":"","meta":[],"product_brand":[],"product_cat":[137],"product_tag":[],"class_list":{"0":"post-24892","1":"product","2":"type-product","3":"status-publish","5":"product_cat-maros-megyei-eletrajzi-lexikon","7":"first","8":"instock","9":"shipping-taxable","10":"product-type-simple"},"_links":{"self":[{"href":"https:\/\/uj.adatbank.ro\/lexikon\/wp-json\/wp\/v2\/product\/24892","targetHints":{"allow":["GET"]}}],"collection":[{"href":"https:\/\/uj.adatbank.ro\/lexikon\/wp-json\/wp\/v2\/product"}],"about":[{"href":"https:\/\/uj.adatbank.ro\/lexikon\/wp-json\/wp\/v2\/types\/product"}],"replies":[{"embeddable":true,"href":"https:\/\/uj.adatbank.ro\/lexikon\/wp-json\/wp\/v2\/comments?post=24892"}],"wp:attachment":[{"href":"https:\/\/uj.adatbank.ro\/lexikon\/wp-json\/wp\/v2\/media?parent=24892"}],"wp:term":[{"taxonomy":"product_brand","embeddable":true,"href":"https:\/\/uj.adatbank.ro\/lexikon\/wp-json\/wp\/v2\/product_brand?post=24892"},{"taxonomy":"product_cat","embeddable":true,"href":"https:\/\/uj.adatbank.ro\/lexikon\/wp-json\/wp\/v2\/product_cat?post=24892"},{"taxonomy":"product_tag","embeddable":true,"href":"https:\/\/uj.adatbank.ro\/lexikon\/wp-json\/wp\/v2\/product_tag?post=24892"}],"curies":[{"name":"wp","href":"https:\/\/api.w.org\/{rel}","templated":true}]}}