{"id":24893,"date":"2025-08-01T18:24:50","date_gmt":"2025-08-01T16:24:50","guid":{"rendered":"https:\/\/uj.adatbank.ro\/lexikon\/termek\/wester-katalin\/"},"modified":"2025-08-01T18:24:50","modified_gmt":"2025-08-01T16:24:50","slug":"wester-katalin","status":"publish","type":"product","link":"https:\/\/uj.adatbank.ro\/lexikon\/termek\/wester-katalin\/","title":{"rendered":"WESTER Katalin"},"content":{"rendered":"<p>? \u2020 ?: f\u00f6ldbirtokos. \u2013 Sz\u00e9naver\u0151sben a f\u00f6ldoszt\u00e1s alkalm\u00e1val kisaj\u00e1t\u00edtottak 15 hold 1517 n\u00f6.-t, amit h\u00e1zhelyk\u00e9nt \u00e9rt\u00e9kes\u00edtettek betelep\u00fcltek r\u00e9sz\u00e9re (1923). <br \/><strong>\u2013 Irod.:<\/strong> Prozan.<\/br><\/p>\n","protected":false},"excerpt":{"rendered":"<p>? \u2020 ?: f\u00f6ldbirtokos. \u2013 Sz\u00e9naver\u0151sben a f\u00f6ldoszt\u00e1s alkalm\u00e1val kisaj\u00e1t\u00edtottak 15 hold 1517 n\u00f6.-t, amit h\u00e1zhelyk\u00e9nt \u00e9rt\u00e9kes\u00edtettek betelep\u00fcltek r\u00e9sz\u00e9re (1923). \u2013 Irod.: Prozan.<\/p>\n","protected":false},"featured_media":0,"comment_status":"open","ping_status":"closed","template":"","meta":[],"product_brand":[],"product_cat":[137],"product_tag":[],"class_list":{"0":"post-24893","1":"product","2":"type-product","3":"status-publish","5":"product_cat-maros-megyei-eletrajzi-lexikon","7":"first","8":"instock","9":"shipping-taxable","10":"product-type-simple"},"_links":{"self":[{"href":"https:\/\/uj.adatbank.ro\/lexikon\/wp-json\/wp\/v2\/product\/24893","targetHints":{"allow":["GET"]}}],"collection":[{"href":"https:\/\/uj.adatbank.ro\/lexikon\/wp-json\/wp\/v2\/product"}],"about":[{"href":"https:\/\/uj.adatbank.ro\/lexikon\/wp-json\/wp\/v2\/types\/product"}],"replies":[{"embeddable":true,"href":"https:\/\/uj.adatbank.ro\/lexikon\/wp-json\/wp\/v2\/comments?post=24893"}],"wp:attachment":[{"href":"https:\/\/uj.adatbank.ro\/lexikon\/wp-json\/wp\/v2\/media?parent=24893"}],"wp:term":[{"taxonomy":"product_brand","embeddable":true,"href":"https:\/\/uj.adatbank.ro\/lexikon\/wp-json\/wp\/v2\/product_brand?post=24893"},{"taxonomy":"product_cat","embeddable":true,"href":"https:\/\/uj.adatbank.ro\/lexikon\/wp-json\/wp\/v2\/product_cat?post=24893"},{"taxonomy":"product_tag","embeddable":true,"href":"https:\/\/uj.adatbank.ro\/lexikon\/wp-json\/wp\/v2\/product_tag?post=24893"}],"curies":[{"name":"wp","href":"https:\/\/api.w.org\/{rel}","templated":true}]}}