{"id":24894,"date":"2025-08-01T18:24:55","date_gmt":"2025-08-01T16:24:55","guid":{"rendered":"https:\/\/uj.adatbank.ro\/lexikon\/termek\/westfall-agoston\/"},"modified":"2025-08-01T18:24:55","modified_gmt":"2025-08-01T16:24:55","slug":"westfall-agoston","status":"publish","type":"product","link":"https:\/\/uj.adatbank.ro\/lexikon\/termek\/westfall-agoston\/","title":{"rendered":"WESTFALL \u00c1goston"},"content":{"rendered":"<p>1858. ? \u2020 Mv., 1914. jan. 5.: irodavezet\u0151. \u2013 W. \u00c1goston \u00e9s Krausz Zs\u00f3fia fia. Feles\u00e9ge: illyefalvi S\u00e9ra Ida, a mv.-i Ref. le\u00e1nyiskola tan\u00edt\u00f3n\u0151je (1862? \u2013 Mv., 1927. m\u00e1rc. 7.). Gyermekeik: W. Iluska \u2013 M\u00c1V-ellen\u0151r Lengyel Rezs\u0151n\u00e9; Ottika \u2013 tb. f\u0151szolgab\u00edr\u00f3 dr. Lengyel Boldizs\u00e1rn\u00e9; Vilike \u2013 aljegyz\u0151 dr. Papp K\u00e1rolyn\u00e9. \u2013 A mv.-i m. kir. p\u00e9nz\u00fcgyigazgat\u00f3s\u00e1g \u00e9s a m. kir. p\u00e9nz\u00fcgyigazgat\u00f3s\u00e1g mell\u00e9 rendelt sz\u00e1mvev\u0151s\u00e9g p\u00e9nz\u00fcgyi irodavezet\u0151je. <br \/><strong>\u2013 Irod.:<\/strong> Gy\u00e1szjelent\u0151.<\/br><\/p>\n","protected":false},"excerpt":{"rendered":"<p>1858. ? \u2020 Mv., 1914. jan. 5.: irodavezet\u0151. \u2013 W. \u00c1goston \u00e9s Krausz Zs\u00f3fia fia. Feles\u00e9ge: illyefalvi S\u00e9ra Ida, a mv.-i Ref. le\u00e1nyiskola tan\u00edt\u00f3n\u0151je (1862? \u2013 Mv., 1927. m\u00e1rc. 7.). Gyermekeik: W. Iluska \u2013 M\u00c1V-ellen\u0151r Lengyel Rezs\u0151n\u00e9; Ottika \u2013 tb. f\u0151szolgab\u00edr\u00f3 dr. Lengyel Boldizs\u00e1rn\u00e9; Vilike \u2013 aljegyz\u0151 dr. Papp K\u00e1rolyn\u00e9. \u2013 A mv.-i m. kir. [&hellip;]<\/p>\n","protected":false},"featured_media":0,"comment_status":"open","ping_status":"closed","template":"","meta":[],"product_brand":[],"product_cat":[137],"product_tag":[],"class_list":{"0":"post-24894","1":"product","2":"type-product","3":"status-publish","5":"product_cat-maros-megyei-eletrajzi-lexikon","7":"first","8":"instock","9":"shipping-taxable","10":"product-type-simple"},"_links":{"self":[{"href":"https:\/\/uj.adatbank.ro\/lexikon\/wp-json\/wp\/v2\/product\/24894","targetHints":{"allow":["GET"]}}],"collection":[{"href":"https:\/\/uj.adatbank.ro\/lexikon\/wp-json\/wp\/v2\/product"}],"about":[{"href":"https:\/\/uj.adatbank.ro\/lexikon\/wp-json\/wp\/v2\/types\/product"}],"replies":[{"embeddable":true,"href":"https:\/\/uj.adatbank.ro\/lexikon\/wp-json\/wp\/v2\/comments?post=24894"}],"wp:attachment":[{"href":"https:\/\/uj.adatbank.ro\/lexikon\/wp-json\/wp\/v2\/media?parent=24894"}],"wp:term":[{"taxonomy":"product_brand","embeddable":true,"href":"https:\/\/uj.adatbank.ro\/lexikon\/wp-json\/wp\/v2\/product_brand?post=24894"},{"taxonomy":"product_cat","embeddable":true,"href":"https:\/\/uj.adatbank.ro\/lexikon\/wp-json\/wp\/v2\/product_cat?post=24894"},{"taxonomy":"product_tag","embeddable":true,"href":"https:\/\/uj.adatbank.ro\/lexikon\/wp-json\/wp\/v2\/product_tag?post=24894"}],"curies":[{"name":"wp","href":"https:\/\/api.w.org\/{rel}","templated":true}]}}