{"id":24898,"date":"2025-08-01T18:25:04","date_gmt":"2025-08-01T16:25:04","guid":{"rendered":"https:\/\/uj.adatbank.ro\/lexikon\/termek\/weyrauch-david\/"},"modified":"2025-08-01T18:25:04","modified_gmt":"2025-08-01T16:25:04","slug":"weyrauch-david","status":"publish","type":"product","link":"https:\/\/uj.adatbank.ro\/lexikon\/termek\/weyrauch-david\/","title":{"rendered":"WEYRAUCH D\u00e1vid"},"content":{"rendered":"<p>? \u2020 ?: tan\u00e1r, b\u00edr\u00f3. \u2013 A sz\u00e1szk\u00e9zdi iskola, azut\u00e1n a k\u0151halmi iskola rektora (1596\u2013). K\u0151halom Sz\u00e9k b\u00edr\u00f3ja (1592\u20131600), majd kir\u00e1lyb\u00edr\u00f3 (1602\u2013). B\u00e1thory G\u00e1bor fejedelem kinevezte Szeben kir\u00e1lyb\u00edr\u00e1j\u00e1v\u00e1, azut\u00e1n a sz\u00e1szok f\u0151 gondnok\u00e1v\u00e1. <br \/><strong>\u2013 Irod.:<\/strong> Saschiz.<\/br><\/p>\n","protected":false},"excerpt":{"rendered":"<p>? \u2020 ?: tan\u00e1r, b\u00edr\u00f3. \u2013 A sz\u00e1szk\u00e9zdi iskola, azut\u00e1n a k\u0151halmi iskola rektora (1596\u2013). K\u0151halom Sz\u00e9k b\u00edr\u00f3ja (1592\u20131600), majd kir\u00e1lyb\u00edr\u00f3 (1602\u2013). B\u00e1thory G\u00e1bor fejedelem kinevezte Szeben kir\u00e1lyb\u00edr\u00e1j\u00e1v\u00e1, azut\u00e1n a sz\u00e1szok f\u0151 gondnok\u00e1v\u00e1. \u2013 Irod.: Saschiz.<\/p>\n","protected":false},"featured_media":0,"comment_status":"open","ping_status":"closed","template":"","meta":[],"product_brand":[],"product_cat":[137],"product_tag":[],"class_list":{"0":"post-24898","1":"product","2":"type-product","3":"status-publish","5":"product_cat-maros-megyei-eletrajzi-lexikon","7":"first","8":"instock","9":"shipping-taxable","10":"product-type-simple"},"_links":{"self":[{"href":"https:\/\/uj.adatbank.ro\/lexikon\/wp-json\/wp\/v2\/product\/24898","targetHints":{"allow":["GET"]}}],"collection":[{"href":"https:\/\/uj.adatbank.ro\/lexikon\/wp-json\/wp\/v2\/product"}],"about":[{"href":"https:\/\/uj.adatbank.ro\/lexikon\/wp-json\/wp\/v2\/types\/product"}],"replies":[{"embeddable":true,"href":"https:\/\/uj.adatbank.ro\/lexikon\/wp-json\/wp\/v2\/comments?post=24898"}],"wp:attachment":[{"href":"https:\/\/uj.adatbank.ro\/lexikon\/wp-json\/wp\/v2\/media?parent=24898"}],"wp:term":[{"taxonomy":"product_brand","embeddable":true,"href":"https:\/\/uj.adatbank.ro\/lexikon\/wp-json\/wp\/v2\/product_brand?post=24898"},{"taxonomy":"product_cat","embeddable":true,"href":"https:\/\/uj.adatbank.ro\/lexikon\/wp-json\/wp\/v2\/product_cat?post=24898"},{"taxonomy":"product_tag","embeddable":true,"href":"https:\/\/uj.adatbank.ro\/lexikon\/wp-json\/wp\/v2\/product_tag?post=24898"}],"curies":[{"name":"wp","href":"https:\/\/api.w.org\/{rel}","templated":true}]}}