{"id":24900,"date":"2025-08-01T18:25:08","date_gmt":"2025-08-01T16:25:08","guid":{"rendered":"https:\/\/uj.adatbank.ro\/lexikon\/termek\/widder-antal\/"},"modified":"2025-08-01T18:25:08","modified_gmt":"2025-08-01T16:25:08","slug":"widder-antal","status":"publish","type":"product","link":"https:\/\/uj.adatbank.ro\/lexikon\/termek\/widder-antal\/","title":{"rendered":"WIDDER Antal"},"content":{"rendered":"<p>1832? \u2020\u00a01903. \u00e1pr. 6.: \u00e9kszer\u00e9sz. \u2013 Feles\u00e9ge: Szathm\u00e1ri Am\u00e1lia. Gyermekeik: Katinka, Nagy S\u00e1ndorn\u00e9; W. K\u00e1roly. \u2013 \u00c9kszer\u00e9sz Mv.-en. <br \/><strong>\u2013 Irod.:<\/strong> Gy\u00e1szjelent\u0151.<\/br><\/p>\n","protected":false},"excerpt":{"rendered":"<p>1832? \u2020\u00a01903. \u00e1pr. 6.: \u00e9kszer\u00e9sz. \u2013 Feles\u00e9ge: Szathm\u00e1ri Am\u00e1lia. Gyermekeik: Katinka, Nagy S\u00e1ndorn\u00e9; W. K\u00e1roly. \u2013 \u00c9kszer\u00e9sz Mv.-en. \u2013 Irod.: Gy\u00e1szjelent\u0151.<\/p>\n","protected":false},"featured_media":0,"comment_status":"open","ping_status":"closed","template":"","meta":[],"product_brand":[],"product_cat":[137],"product_tag":[],"class_list":{"0":"post-24900","1":"product","2":"type-product","3":"status-publish","5":"product_cat-maros-megyei-eletrajzi-lexikon","7":"first","8":"instock","9":"shipping-taxable","10":"product-type-simple"},"_links":{"self":[{"href":"https:\/\/uj.adatbank.ro\/lexikon\/wp-json\/wp\/v2\/product\/24900","targetHints":{"allow":["GET"]}}],"collection":[{"href":"https:\/\/uj.adatbank.ro\/lexikon\/wp-json\/wp\/v2\/product"}],"about":[{"href":"https:\/\/uj.adatbank.ro\/lexikon\/wp-json\/wp\/v2\/types\/product"}],"replies":[{"embeddable":true,"href":"https:\/\/uj.adatbank.ro\/lexikon\/wp-json\/wp\/v2\/comments?post=24900"}],"wp:attachment":[{"href":"https:\/\/uj.adatbank.ro\/lexikon\/wp-json\/wp\/v2\/media?parent=24900"}],"wp:term":[{"taxonomy":"product_brand","embeddable":true,"href":"https:\/\/uj.adatbank.ro\/lexikon\/wp-json\/wp\/v2\/product_brand?post=24900"},{"taxonomy":"product_cat","embeddable":true,"href":"https:\/\/uj.adatbank.ro\/lexikon\/wp-json\/wp\/v2\/product_cat?post=24900"},{"taxonomy":"product_tag","embeddable":true,"href":"https:\/\/uj.adatbank.ro\/lexikon\/wp-json\/wp\/v2\/product_tag?post=24900"}],"curies":[{"name":"wp","href":"https:\/\/api.w.org\/{rel}","templated":true}]}}