{"id":24903,"date":"2025-08-01T18:25:14","date_gmt":"2025-08-01T16:25:14","guid":{"rendered":"https:\/\/uj.adatbank.ro\/lexikon\/termek\/widmann-janos\/"},"modified":"2025-08-01T18:25:14","modified_gmt":"2025-08-01T16:25:14","slug":"widmann-janos","status":"publish","type":"product","link":"https:\/\/uj.adatbank.ro\/lexikon\/termek\/widmann-janos\/","title":{"rendered":"WIDMANN J\u00e1nos"},"content":{"rendered":"<p>Segesv\u00e1r \u2020\u00a0?: tanul\u00f3 a wittenbergi egyetemen, segesv\u00e1ri sz\u00e1rmaz\u00e1s\u00fa. \u2013 Nagysenki evang. diaconus. \u2013  <strong>F. m..:<\/strong> Mysterium SS. Trinitatis a primis N. T. fidelibus ante publicum Christi praeconium cognitum et creditum ex Simeonis descriptione Lucas II. (Wittebergae, 1684.); De Numismate Census Matth. cap. XXII. vers 19. disputabit. (Wittebergae, 1685). <br \/><strong>\u2013 Irod.:<\/strong> Szinnyei.<\/br><\/p>\n","protected":false},"excerpt":{"rendered":"<p>Segesv\u00e1r \u2020\u00a0?: tanul\u00f3 a wittenbergi egyetemen, segesv\u00e1ri sz\u00e1rmaz\u00e1s\u00fa. \u2013 Nagysenki evang. diaconus. \u2013 F. m..: Mysterium SS. Trinitatis a primis N. T. fidelibus ante publicum Christi praeconium cognitum et creditum ex Simeonis descriptione Lucas II. (Wittebergae, 1684.); De Numismate Census Matth. cap. XXII. vers 19. disputabit. (Wittebergae, 1685). \u2013 Irod.: Szinnyei.<\/p>\n","protected":false},"featured_media":0,"comment_status":"open","ping_status":"closed","template":"","meta":[],"product_brand":[],"product_cat":[137],"product_tag":[],"class_list":{"0":"post-24903","1":"product","2":"type-product","3":"status-publish","5":"product_cat-maros-megyei-eletrajzi-lexikon","7":"first","8":"instock","9":"shipping-taxable","10":"product-type-simple"},"_links":{"self":[{"href":"https:\/\/uj.adatbank.ro\/lexikon\/wp-json\/wp\/v2\/product\/24903","targetHints":{"allow":["GET"]}}],"collection":[{"href":"https:\/\/uj.adatbank.ro\/lexikon\/wp-json\/wp\/v2\/product"}],"about":[{"href":"https:\/\/uj.adatbank.ro\/lexikon\/wp-json\/wp\/v2\/types\/product"}],"replies":[{"embeddable":true,"href":"https:\/\/uj.adatbank.ro\/lexikon\/wp-json\/wp\/v2\/comments?post=24903"}],"wp:attachment":[{"href":"https:\/\/uj.adatbank.ro\/lexikon\/wp-json\/wp\/v2\/media?parent=24903"}],"wp:term":[{"taxonomy":"product_brand","embeddable":true,"href":"https:\/\/uj.adatbank.ro\/lexikon\/wp-json\/wp\/v2\/product_brand?post=24903"},{"taxonomy":"product_cat","embeddable":true,"href":"https:\/\/uj.adatbank.ro\/lexikon\/wp-json\/wp\/v2\/product_cat?post=24903"},{"taxonomy":"product_tag","embeddable":true,"href":"https:\/\/uj.adatbank.ro\/lexikon\/wp-json\/wp\/v2\/product_tag?post=24903"}],"curies":[{"name":"wp","href":"https:\/\/api.w.org\/{rel}","templated":true}]}}