{"id":24904,"date":"2025-08-01T18:25:18","date_gmt":"2025-08-01T16:25:18","guid":{"rendered":"https:\/\/uj.adatbank.ro\/lexikon\/termek\/wiegner-zsigmond\/"},"modified":"2025-08-01T18:25:18","modified_gmt":"2025-08-01T16:25:18","slug":"wiegner-zsigmond","status":"publish","type":"product","link":"https:\/\/uj.adatbank.ro\/lexikon\/termek\/wiegner-zsigmond\/","title":{"rendered":"WIEGNER Zsigmond"},"content":{"rendered":"<p>? 1883., \u2020\u00a0?: keresked\u0151. \u2013 A k\u00f6z\u00e9piskola elv\u00e9gz\u00e9se ut\u00e1n kereskedelmi p\u00e1ly\u00e1ra l\u00e9pett, \u00f6n\u00e1ll\u00f3 keresked\u0151 D\u00e9d\u00e1n (1913\u2013). R\u00e9szt vett az els\u0151 vh.-ban, am\u00edg \u00fczlet\u00e9t kifosztott\u00e1k. A kultur\u00e1lis \u00e9s szoci\u00e1lis int\u00e9zm\u00e9nyek t\u00e1mogat\u00f3ja volt. <br \/><strong>\u2013 Irod.:<\/strong> Sz\u00e9kelyf\u00f6ld \u00ed. k.<\/br><\/p>\n","protected":false},"excerpt":{"rendered":"<p>? 1883., \u2020\u00a0?: keresked\u0151. \u2013 A k\u00f6z\u00e9piskola elv\u00e9gz\u00e9se ut\u00e1n kereskedelmi p\u00e1ly\u00e1ra l\u00e9pett, \u00f6n\u00e1ll\u00f3 keresked\u0151 D\u00e9d\u00e1n (1913\u2013). R\u00e9szt vett az els\u0151 vh.-ban, am\u00edg \u00fczlet\u00e9t kifosztott\u00e1k. A kultur\u00e1lis \u00e9s szoci\u00e1lis int\u00e9zm\u00e9nyek t\u00e1mogat\u00f3ja volt. \u2013 Irod.: Sz\u00e9kelyf\u00f6ld \u00ed. k.<\/p>\n","protected":false},"featured_media":0,"comment_status":"open","ping_status":"closed","template":"","meta":[],"product_brand":[],"product_cat":[137],"product_tag":[],"class_list":{"0":"post-24904","1":"product","2":"type-product","3":"status-publish","5":"product_cat-maros-megyei-eletrajzi-lexikon","7":"first","8":"instock","9":"shipping-taxable","10":"product-type-simple"},"_links":{"self":[{"href":"https:\/\/uj.adatbank.ro\/lexikon\/wp-json\/wp\/v2\/product\/24904","targetHints":{"allow":["GET"]}}],"collection":[{"href":"https:\/\/uj.adatbank.ro\/lexikon\/wp-json\/wp\/v2\/product"}],"about":[{"href":"https:\/\/uj.adatbank.ro\/lexikon\/wp-json\/wp\/v2\/types\/product"}],"replies":[{"embeddable":true,"href":"https:\/\/uj.adatbank.ro\/lexikon\/wp-json\/wp\/v2\/comments?post=24904"}],"wp:attachment":[{"href":"https:\/\/uj.adatbank.ro\/lexikon\/wp-json\/wp\/v2\/media?parent=24904"}],"wp:term":[{"taxonomy":"product_brand","embeddable":true,"href":"https:\/\/uj.adatbank.ro\/lexikon\/wp-json\/wp\/v2\/product_brand?post=24904"},{"taxonomy":"product_cat","embeddable":true,"href":"https:\/\/uj.adatbank.ro\/lexikon\/wp-json\/wp\/v2\/product_cat?post=24904"},{"taxonomy":"product_tag","embeddable":true,"href":"https:\/\/uj.adatbank.ro\/lexikon\/wp-json\/wp\/v2\/product_tag?post=24904"}],"curies":[{"name":"wp","href":"https:\/\/api.w.org\/{rel}","templated":true}]}}