{"id":24905,"date":"2025-08-01T18:25:21","date_gmt":"2025-08-01T16:25:21","guid":{"rendered":"https:\/\/uj.adatbank.ro\/lexikon\/termek\/wienant-czitrom-aliz\/"},"modified":"2025-08-01T18:25:21","modified_gmt":"2025-08-01T16:25:21","slug":"wienant-czitrom-aliz","status":"publish","type":"product","link":"https:\/\/uj.adatbank.ro\/lexikon\/termek\/wienant-czitrom-aliz\/","title":{"rendered":"WIENANT CZITROM Aliz"},"content":{"rendered":"<p>? \u2020 ?: szobr\u00e1szm\u0171v\u00e9sz. \u2013 Mv.-i sz\u00e1rmaz\u00e1s\u00fa szobr\u00e1szn\u0151 Kanad\u00e1ban. <br \/><strong>\u2013 Irod.:<\/strong> Mv. zsid\u00f3s\u00e1ga.<\/br><\/p>\n","protected":false},"excerpt":{"rendered":"<p>? \u2020 ?: szobr\u00e1szm\u0171v\u00e9sz. \u2013 Mv.-i sz\u00e1rmaz\u00e1s\u00fa szobr\u00e1szn\u0151 Kanad\u00e1ban. \u2013 Irod.: Mv. zsid\u00f3s\u00e1ga.<\/p>\n","protected":false},"featured_media":0,"comment_status":"open","ping_status":"closed","template":"","meta":[],"product_brand":[],"product_cat":[137],"product_tag":[],"class_list":{"0":"post-24905","1":"product","2":"type-product","3":"status-publish","5":"product_cat-maros-megyei-eletrajzi-lexikon","7":"first","8":"instock","9":"shipping-taxable","10":"product-type-simple"},"_links":{"self":[{"href":"https:\/\/uj.adatbank.ro\/lexikon\/wp-json\/wp\/v2\/product\/24905","targetHints":{"allow":["GET"]}}],"collection":[{"href":"https:\/\/uj.adatbank.ro\/lexikon\/wp-json\/wp\/v2\/product"}],"about":[{"href":"https:\/\/uj.adatbank.ro\/lexikon\/wp-json\/wp\/v2\/types\/product"}],"replies":[{"embeddable":true,"href":"https:\/\/uj.adatbank.ro\/lexikon\/wp-json\/wp\/v2\/comments?post=24905"}],"wp:attachment":[{"href":"https:\/\/uj.adatbank.ro\/lexikon\/wp-json\/wp\/v2\/media?parent=24905"}],"wp:term":[{"taxonomy":"product_brand","embeddable":true,"href":"https:\/\/uj.adatbank.ro\/lexikon\/wp-json\/wp\/v2\/product_brand?post=24905"},{"taxonomy":"product_cat","embeddable":true,"href":"https:\/\/uj.adatbank.ro\/lexikon\/wp-json\/wp\/v2\/product_cat?post=24905"},{"taxonomy":"product_tag","embeddable":true,"href":"https:\/\/uj.adatbank.ro\/lexikon\/wp-json\/wp\/v2\/product_tag?post=24905"}],"curies":[{"name":"wp","href":"https:\/\/api.w.org\/{rel}","templated":true}]}}