{"id":24912,"date":"2025-08-01T18:25:35","date_gmt":"2025-08-01T16:25:35","guid":{"rendered":"https:\/\/uj.adatbank.ro\/lexikon\/termek\/wilhelm-andras\/"},"modified":"2025-08-01T18:25:35","modified_gmt":"2025-08-01T16:25:35","slug":"wilhelm-andras","status":"publish","type":"product","link":"https:\/\/uj.adatbank.ro\/lexikon\/termek\/wilhelm-andras\/","title":{"rendered":"WILHELM Andr\u00e1s"},"content":{"rendered":"<p>?, 1911, \u2020\u00a0Mv., 1968. febr. 2.: orvos. \u2013 Volt k\u00f6rorvos, rajoni orvosfel\u00fcgyel\u0151, Mv.-en a k\u00f6zeg\u00e9szs\u00e9gtani int\u00e9zet igazgat\u00f3ja, a k\u00f6zeg\u00e9szs\u00e9gtan \u00e9s eg\u00e9szs\u00e9g\u00fcgy-szervez\u00e9s f\u0151orvosa, a v\u00e1rosi eg\u00e9szs\u00e9g\u00fcgyi \u00e9s n\u00e9pj\u00f3l\u00e9ti oszt\u00e1ly f\u0151n\u00f6ke, a mv.-i V\u00e1rosi N\u00e9ptan\u00e1cs VB-nak tagja. <br \/><strong>\u2013 Irod.:<\/strong> MOGYE; W. A. [Nekrol\u00f3g] (V. Z., 1968. febr. 3.).<\/br><\/p>\n","protected":false},"excerpt":{"rendered":"<p>?, 1911, \u2020\u00a0Mv., 1968. febr. 2.: orvos. \u2013 Volt k\u00f6rorvos, rajoni orvosfel\u00fcgyel\u0151, Mv.-en a k\u00f6zeg\u00e9szs\u00e9gtani int\u00e9zet igazgat\u00f3ja, a k\u00f6zeg\u00e9szs\u00e9gtan \u00e9s eg\u00e9szs\u00e9g\u00fcgy-szervez\u00e9s f\u0151orvosa, a v\u00e1rosi eg\u00e9szs\u00e9g\u00fcgyi \u00e9s n\u00e9pj\u00f3l\u00e9ti oszt\u00e1ly f\u0151n\u00f6ke, a mv.-i V\u00e1rosi N\u00e9ptan\u00e1cs VB-nak tagja. \u2013 Irod.: MOGYE; W. A. [Nekrol\u00f3g] (V. Z., 1968. febr. 3.).<\/p>\n","protected":false},"featured_media":0,"comment_status":"open","ping_status":"closed","template":"","meta":[],"product_brand":[],"product_cat":[137],"product_tag":[],"class_list":{"0":"post-24912","1":"product","2":"type-product","3":"status-publish","5":"product_cat-maros-megyei-eletrajzi-lexikon","7":"first","8":"instock","9":"shipping-taxable","10":"product-type-simple"},"_links":{"self":[{"href":"https:\/\/uj.adatbank.ro\/lexikon\/wp-json\/wp\/v2\/product\/24912","targetHints":{"allow":["GET"]}}],"collection":[{"href":"https:\/\/uj.adatbank.ro\/lexikon\/wp-json\/wp\/v2\/product"}],"about":[{"href":"https:\/\/uj.adatbank.ro\/lexikon\/wp-json\/wp\/v2\/types\/product"}],"replies":[{"embeddable":true,"href":"https:\/\/uj.adatbank.ro\/lexikon\/wp-json\/wp\/v2\/comments?post=24912"}],"wp:attachment":[{"href":"https:\/\/uj.adatbank.ro\/lexikon\/wp-json\/wp\/v2\/media?parent=24912"}],"wp:term":[{"taxonomy":"product_brand","embeddable":true,"href":"https:\/\/uj.adatbank.ro\/lexikon\/wp-json\/wp\/v2\/product_brand?post=24912"},{"taxonomy":"product_cat","embeddable":true,"href":"https:\/\/uj.adatbank.ro\/lexikon\/wp-json\/wp\/v2\/product_cat?post=24912"},{"taxonomy":"product_tag","embeddable":true,"href":"https:\/\/uj.adatbank.ro\/lexikon\/wp-json\/wp\/v2\/product_tag?post=24912"}],"curies":[{"name":"wp","href":"https:\/\/api.w.org\/{rel}","templated":true}]}}