{"id":24913,"date":"2025-08-01T18:25:37","date_gmt":"2025-08-01T16:25:37","guid":{"rendered":"https:\/\/uj.adatbank.ro\/lexikon\/termek\/wilhelm-herman\/"},"modified":"2025-08-01T18:25:37","modified_gmt":"2025-08-01T16:25:37","slug":"wilhelm-herman","status":"publish","type":"product","link":"https:\/\/uj.adatbank.ro\/lexikon\/termek\/wilhelm-herman\/","title":{"rendered":"WILHELM Herman"},"content":{"rendered":"<p>? \u2020\u00a0?: iparos. \u2013 Wilhelm Herman \u00e9s R\u00f3bert, gyapj\u00fav\u00e1nyol\u00f3 tulajdonosok Sz\u00e1szr\u00e9genben (1926). <br \/><strong>\u2013 Irod.:<\/strong> Pan\u0103.<\/br><\/p>\n","protected":false},"excerpt":{"rendered":"<p>? \u2020\u00a0?: iparos. \u2013 Wilhelm Herman \u00e9s R\u00f3bert, gyapj\u00fav\u00e1nyol\u00f3 tulajdonosok Sz\u00e1szr\u00e9genben (1926). \u2013 Irod.: Pan\u0103.<\/p>\n","protected":false},"featured_media":0,"comment_status":"open","ping_status":"closed","template":"","meta":[],"product_brand":[],"product_cat":[137],"product_tag":[],"class_list":{"0":"post-24913","1":"product","2":"type-product","3":"status-publish","5":"product_cat-maros-megyei-eletrajzi-lexikon","7":"first","8":"instock","9":"shipping-taxable","10":"product-type-simple"},"_links":{"self":[{"href":"https:\/\/uj.adatbank.ro\/lexikon\/wp-json\/wp\/v2\/product\/24913","targetHints":{"allow":["GET"]}}],"collection":[{"href":"https:\/\/uj.adatbank.ro\/lexikon\/wp-json\/wp\/v2\/product"}],"about":[{"href":"https:\/\/uj.adatbank.ro\/lexikon\/wp-json\/wp\/v2\/types\/product"}],"replies":[{"embeddable":true,"href":"https:\/\/uj.adatbank.ro\/lexikon\/wp-json\/wp\/v2\/comments?post=24913"}],"wp:attachment":[{"href":"https:\/\/uj.adatbank.ro\/lexikon\/wp-json\/wp\/v2\/media?parent=24913"}],"wp:term":[{"taxonomy":"product_brand","embeddable":true,"href":"https:\/\/uj.adatbank.ro\/lexikon\/wp-json\/wp\/v2\/product_brand?post=24913"},{"taxonomy":"product_cat","embeddable":true,"href":"https:\/\/uj.adatbank.ro\/lexikon\/wp-json\/wp\/v2\/product_cat?post=24913"},{"taxonomy":"product_tag","embeddable":true,"href":"https:\/\/uj.adatbank.ro\/lexikon\/wp-json\/wp\/v2\/product_tag?post=24913"}],"curies":[{"name":"wp","href":"https:\/\/api.w.org\/{rel}","templated":true}]}}