{"id":24918,"date":"2025-08-01T18:25:53","date_gmt":"2025-08-01T16:25:53","guid":{"rendered":"https:\/\/uj.adatbank.ro\/lexikon\/termek\/winkler-maria\/"},"modified":"2025-08-01T18:25:53","modified_gmt":"2025-08-01T16:25:53","slug":"winkler-maria","status":"publish","type":"product","link":"https:\/\/uj.adatbank.ro\/lexikon\/termek\/winkler-maria\/","title":{"rendered":"WINKLER Maria"},"content":{"rendered":"<p>? \u2020\u00a0?: tisztvisel\u0151. \u2013 Mv.-en a N\u00e9ptan\u00e1cstitk\u00e1ra, szorgalmazta a m. nyelv bevezet\u00e9s\u00e9t az adminisztr\u00e1ci\u00f3ba a MAT ter\u00fclet\u00e9n (1952). <br \/><strong>\u2013 Irod.:<\/strong> Bartos 2012.<\/br><\/p>\n","protected":false},"excerpt":{"rendered":"<p>? \u2020\u00a0?: tisztvisel\u0151. \u2013 Mv.-en a N\u00e9ptan\u00e1cstitk\u00e1ra, szorgalmazta a m. nyelv bevezet\u00e9s\u00e9t az adminisztr\u00e1ci\u00f3ba a MAT ter\u00fclet\u00e9n (1952). \u2013 Irod.: Bartos 2012.<\/p>\n","protected":false},"featured_media":0,"comment_status":"open","ping_status":"closed","template":"","meta":[],"product_brand":[],"product_cat":[137],"product_tag":[],"class_list":{"0":"post-24918","1":"product","2":"type-product","3":"status-publish","5":"product_cat-maros-megyei-eletrajzi-lexikon","7":"first","8":"instock","9":"shipping-taxable","10":"product-type-simple"},"_links":{"self":[{"href":"https:\/\/uj.adatbank.ro\/lexikon\/wp-json\/wp\/v2\/product\/24918","targetHints":{"allow":["GET"]}}],"collection":[{"href":"https:\/\/uj.adatbank.ro\/lexikon\/wp-json\/wp\/v2\/product"}],"about":[{"href":"https:\/\/uj.adatbank.ro\/lexikon\/wp-json\/wp\/v2\/types\/product"}],"replies":[{"embeddable":true,"href":"https:\/\/uj.adatbank.ro\/lexikon\/wp-json\/wp\/v2\/comments?post=24918"}],"wp:attachment":[{"href":"https:\/\/uj.adatbank.ro\/lexikon\/wp-json\/wp\/v2\/media?parent=24918"}],"wp:term":[{"taxonomy":"product_brand","embeddable":true,"href":"https:\/\/uj.adatbank.ro\/lexikon\/wp-json\/wp\/v2\/product_brand?post=24918"},{"taxonomy":"product_cat","embeddable":true,"href":"https:\/\/uj.adatbank.ro\/lexikon\/wp-json\/wp\/v2\/product_cat?post=24918"},{"taxonomy":"product_tag","embeddable":true,"href":"https:\/\/uj.adatbank.ro\/lexikon\/wp-json\/wp\/v2\/product_tag?post=24918"}],"curies":[{"name":"wp","href":"https:\/\/api.w.org\/{rel}","templated":true}]}}