{"id":24919,"date":"2025-08-01T18:25:55","date_gmt":"2025-08-01T16:25:55","guid":{"rendered":"https:\/\/uj.adatbank.ro\/lexikon\/termek\/winkler-maximilian\/"},"modified":"2025-08-01T18:25:55","modified_gmt":"2025-08-01T16:25:55","slug":"winkler-maximilian","status":"publish","type":"product","link":"https:\/\/uj.adatbank.ro\/lexikon\/termek\/winkler-maximilian\/","title":{"rendered":"WINKLER Maximilian"},"content":{"rendered":"<p>Cs\u00edkszentmih\u00e1ly\u00a0?, 1908. nov. 4., \u2020\u00a0?: orvos. \u2013 W. Mauri\u0163iu \/ M\u00f3ric \u00e9s Roz\u00e1lia fia. N\u0151s, k\u00e9t gyermek apja. \u2013 A sz\u00e1szr\u00e9geni m. tannyelv\u0171 Vegyes Pedag\u00f3giai Iskola orvosa volt (1949\u2013), a Poliklinika, a SANEPID f\u0151n\u00f6ke (1952). A m\u00faltban cionista, majd kiz\u00e1rt\u00e1k a RMP-b\u00f3l, v\u00e9sztkelt\u0151 h\u00edrek terjeszt\u00e9se miatt munkaszolg\u00e1latra v. t\u00e1borba k\u00fcldt\u00e9k (1952). <br \/><strong>\u2013 Irod.:<\/strong> Bartos 2012; Csern\u00e1toni.<\/br><\/p>\n","protected":false},"excerpt":{"rendered":"<p>Cs\u00edkszentmih\u00e1ly\u00a0?, 1908. nov. 4., \u2020\u00a0?: orvos. \u2013 W. Mauri\u0163iu \/ M\u00f3ric \u00e9s Roz\u00e1lia fia. N\u0151s, k\u00e9t gyermek apja. \u2013 A sz\u00e1szr\u00e9geni m. tannyelv\u0171 Vegyes Pedag\u00f3giai Iskola orvosa volt (1949\u2013), a Poliklinika, a SANEPID f\u0151n\u00f6ke (1952). A m\u00faltban cionista, majd kiz\u00e1rt\u00e1k a RMP-b\u00f3l, v\u00e9sztkelt\u0151 h\u00edrek terjeszt\u00e9se miatt munkaszolg\u00e1latra v. t\u00e1borba k\u00fcldt\u00e9k (1952). \u2013 Irod.: Bartos 2012; [&hellip;]<\/p>\n","protected":false},"featured_media":0,"comment_status":"open","ping_status":"closed","template":"","meta":[],"product_brand":[],"product_cat":[137],"product_tag":[],"class_list":{"0":"post-24919","1":"product","2":"type-product","3":"status-publish","5":"product_cat-maros-megyei-eletrajzi-lexikon","7":"first","8":"instock","9":"shipping-taxable","10":"product-type-simple"},"_links":{"self":[{"href":"https:\/\/uj.adatbank.ro\/lexikon\/wp-json\/wp\/v2\/product\/24919","targetHints":{"allow":["GET"]}}],"collection":[{"href":"https:\/\/uj.adatbank.ro\/lexikon\/wp-json\/wp\/v2\/product"}],"about":[{"href":"https:\/\/uj.adatbank.ro\/lexikon\/wp-json\/wp\/v2\/types\/product"}],"replies":[{"embeddable":true,"href":"https:\/\/uj.adatbank.ro\/lexikon\/wp-json\/wp\/v2\/comments?post=24919"}],"wp:attachment":[{"href":"https:\/\/uj.adatbank.ro\/lexikon\/wp-json\/wp\/v2\/media?parent=24919"}],"wp:term":[{"taxonomy":"product_brand","embeddable":true,"href":"https:\/\/uj.adatbank.ro\/lexikon\/wp-json\/wp\/v2\/product_brand?post=24919"},{"taxonomy":"product_cat","embeddable":true,"href":"https:\/\/uj.adatbank.ro\/lexikon\/wp-json\/wp\/v2\/product_cat?post=24919"},{"taxonomy":"product_tag","embeddable":true,"href":"https:\/\/uj.adatbank.ro\/lexikon\/wp-json\/wp\/v2\/product_tag?post=24919"}],"curies":[{"name":"wp","href":"https:\/\/api.w.org\/{rel}","templated":true}]}}