{"id":24922,"date":"2025-08-01T18:26:05","date_gmt":"2025-08-01T16:26:05","guid":{"rendered":"https:\/\/uj.adatbank.ro\/lexikon\/termek\/winternitz-vilmos\/"},"modified":"2025-08-01T18:26:05","modified_gmt":"2025-08-01T16:26:05","slug":"winternitz-vilmos","status":"publish","type":"product","link":"https:\/\/uj.adatbank.ro\/lexikon\/termek\/winternitz-vilmos\/","title":{"rendered":"WINTERNITZ Vilmos"},"content":{"rendered":"<p>1881? \u2020\u00a0B\u00e9cs, 1917. jan. 18.: tan\u00e1r, sz\u00e1zados. \u2013 W. Vilmos \u00e9s Moll Hedvig fia. W. R\u00f3za, csicseri Orosz P\u00e9tern\u00e9; W. Ida, csicseri Orosz Istv\u00e1nn\u00e9; W. Marietta Pal\u00e1nkay Dezs\u0151n\u00e9; W Ada Sz\u00e9kely S\u00e1ndorn\u00e9. Feles\u00e9ge: gid\u00f3falvi Csisz\u00e9r Kat\u00f3. Fiuk: Vilike. \u2013 A cs. \u00e9s kir. 33. gy. e. sz\u00e1zados, a mv.-i cs. kir. katonai alre\u00e1liskola tan\u00e1ra. Kit\u00fcntet\u00e9sei: a hadid\u00edsz\u00edtm\u00e9nyes III. o. katonai \u00e9rdemkereszt \u00e9s a Signum Laudis. <br \/><strong>\u2013 Irod.:<\/strong> Gy\u00e1szjelent\u0151.<\/br><\/p>\n","protected":false},"excerpt":{"rendered":"<p>1881? \u2020\u00a0B\u00e9cs, 1917. jan. 18.: tan\u00e1r, sz\u00e1zados. \u2013 W. Vilmos \u00e9s Moll Hedvig fia. W. R\u00f3za, csicseri Orosz P\u00e9tern\u00e9; W. Ida, csicseri Orosz Istv\u00e1nn\u00e9; W. Marietta Pal\u00e1nkay Dezs\u0151n\u00e9; W Ada Sz\u00e9kely S\u00e1ndorn\u00e9. Feles\u00e9ge: gid\u00f3falvi Csisz\u00e9r Kat\u00f3. Fiuk: Vilike. \u2013 A cs. \u00e9s kir. 33. gy. e. sz\u00e1zados, a mv.-i cs. kir. katonai alre\u00e1liskola tan\u00e1ra. Kit\u00fcntet\u00e9sei: [&hellip;]<\/p>\n","protected":false},"featured_media":0,"comment_status":"open","ping_status":"closed","template":"","meta":[],"product_brand":[],"product_cat":[137],"product_tag":[],"class_list":{"0":"post-24922","1":"product","2":"type-product","3":"status-publish","5":"product_cat-maros-megyei-eletrajzi-lexikon","7":"first","8":"instock","9":"shipping-taxable","10":"product-type-simple"},"_links":{"self":[{"href":"https:\/\/uj.adatbank.ro\/lexikon\/wp-json\/wp\/v2\/product\/24922","targetHints":{"allow":["GET"]}}],"collection":[{"href":"https:\/\/uj.adatbank.ro\/lexikon\/wp-json\/wp\/v2\/product"}],"about":[{"href":"https:\/\/uj.adatbank.ro\/lexikon\/wp-json\/wp\/v2\/types\/product"}],"replies":[{"embeddable":true,"href":"https:\/\/uj.adatbank.ro\/lexikon\/wp-json\/wp\/v2\/comments?post=24922"}],"wp:attachment":[{"href":"https:\/\/uj.adatbank.ro\/lexikon\/wp-json\/wp\/v2\/media?parent=24922"}],"wp:term":[{"taxonomy":"product_brand","embeddable":true,"href":"https:\/\/uj.adatbank.ro\/lexikon\/wp-json\/wp\/v2\/product_brand?post=24922"},{"taxonomy":"product_cat","embeddable":true,"href":"https:\/\/uj.adatbank.ro\/lexikon\/wp-json\/wp\/v2\/product_cat?post=24922"},{"taxonomy":"product_tag","embeddable":true,"href":"https:\/\/uj.adatbank.ro\/lexikon\/wp-json\/wp\/v2\/product_tag?post=24922"}],"curies":[{"name":"wp","href":"https:\/\/api.w.org\/{rel}","templated":true}]}}