{"id":24923,"date":"2025-08-01T18:26:07","date_gmt":"2025-08-01T16:26:07","guid":{"rendered":"https:\/\/uj.adatbank.ro\/lexikon\/termek\/wiragh-szabo-kata\/"},"modified":"2025-08-01T18:26:07","modified_gmt":"2025-08-01T16:26:07","slug":"wiragh-szabo-kata","status":"publish","type":"product","link":"https:\/\/uj.adatbank.ro\/lexikon\/termek\/wiragh-szabo-kata\/","title":{"rendered":"WIR\u00c1GH SZAB\u00d3 Kata"},"content":{"rendered":"<p>1625.\u2020 1634. \u2013 Mv.-en a Ref. temet\u0151 S\u00edrk\u0151m\u00fazeum\u00e1ban nyugszik. <br \/><strong>\u2013 Irod.:<\/strong> Mv.-i ref. temet\u0151.<\/br><\/p>\n","protected":false},"excerpt":{"rendered":"<p>1625.\u2020 1634. \u2013 Mv.-en a Ref. temet\u0151 S\u00edrk\u0151m\u00fazeum\u00e1ban nyugszik. \u2013 Irod.: Mv.-i ref. temet\u0151.<\/p>\n","protected":false},"featured_media":0,"comment_status":"open","ping_status":"closed","template":"","meta":[],"product_brand":[],"product_cat":[137],"product_tag":[],"class_list":{"0":"post-24923","1":"product","2":"type-product","3":"status-publish","5":"product_cat-maros-megyei-eletrajzi-lexikon","7":"first","8":"instock","9":"shipping-taxable","10":"product-type-simple"},"_links":{"self":[{"href":"https:\/\/uj.adatbank.ro\/lexikon\/wp-json\/wp\/v2\/product\/24923","targetHints":{"allow":["GET"]}}],"collection":[{"href":"https:\/\/uj.adatbank.ro\/lexikon\/wp-json\/wp\/v2\/product"}],"about":[{"href":"https:\/\/uj.adatbank.ro\/lexikon\/wp-json\/wp\/v2\/types\/product"}],"replies":[{"embeddable":true,"href":"https:\/\/uj.adatbank.ro\/lexikon\/wp-json\/wp\/v2\/comments?post=24923"}],"wp:attachment":[{"href":"https:\/\/uj.adatbank.ro\/lexikon\/wp-json\/wp\/v2\/media?parent=24923"}],"wp:term":[{"taxonomy":"product_brand","embeddable":true,"href":"https:\/\/uj.adatbank.ro\/lexikon\/wp-json\/wp\/v2\/product_brand?post=24923"},{"taxonomy":"product_cat","embeddable":true,"href":"https:\/\/uj.adatbank.ro\/lexikon\/wp-json\/wp\/v2\/product_cat?post=24923"},{"taxonomy":"product_tag","embeddable":true,"href":"https:\/\/uj.adatbank.ro\/lexikon\/wp-json\/wp\/v2\/product_tag?post=24923"}],"curies":[{"name":"wp","href":"https:\/\/api.w.org\/{rel}","templated":true}]}}