{"id":24926,"date":"2025-08-01T18:26:13","date_gmt":"2025-08-01T16:26:13","guid":{"rendered":"https:\/\/uj.adatbank.ro\/lexikon\/termek\/wittich-jozsef\/"},"modified":"2025-08-01T18:26:13","modified_gmt":"2025-08-01T16:26:13","slug":"wittich-jozsef","status":"publish","type":"product","link":"https:\/\/uj.adatbank.ro\/lexikon\/termek\/wittich-jozsef\/","title":{"rendered":"WITTICH J\u00f3zsef"},"content":{"rendered":"<p>1823? \u2020\u00a0Mv., 1865. j\u00fal. 28.: ?. \u2013 Feles\u00e9ge: Dobray Borb\u00e1la (1827. \u2013 Mv., 1910. dec. 12.). Gyermekeik: M\u00e1ria \u2013 Kov\u00e1cs J\u00e1nosn\u00e9; Gabriella \u2013 Sz\u0151ke \u00c1kosn\u00e9; K\u00e1roly; J\u00f3zsef. \u2013 A M. Nemzeti Gal\u00e9ri\u00e1ban tal\u00e1lhat\u00f3 Vida \u00c1rp\u00e1d festette Wittich J\u00f3zsef mv.-i polg\u00e1r le\u00e1nyainak kett\u0151s arck\u00e9pe (1913). <br \/><strong>\u2013 Irod.:<\/strong> Gy\u00e1szjelent\u0151.<\/br><\/p>\n","protected":false},"excerpt":{"rendered":"<p>1823? \u2020\u00a0Mv., 1865. j\u00fal. 28.: ?. \u2013 Feles\u00e9ge: Dobray Borb\u00e1la (1827. \u2013 Mv., 1910. dec. 12.). Gyermekeik: M\u00e1ria \u2013 Kov\u00e1cs J\u00e1nosn\u00e9; Gabriella \u2013 Sz\u0151ke \u00c1kosn\u00e9; K\u00e1roly; J\u00f3zsef. \u2013 A M. Nemzeti Gal\u00e9ri\u00e1ban tal\u00e1lhat\u00f3 Vida \u00c1rp\u00e1d festette Wittich J\u00f3zsef mv.-i polg\u00e1r le\u00e1nyainak kett\u0151s arck\u00e9pe (1913). \u2013 Irod.: Gy\u00e1szjelent\u0151.<\/p>\n","protected":false},"featured_media":0,"comment_status":"open","ping_status":"closed","template":"","meta":[],"product_brand":[],"product_cat":[137],"product_tag":[],"class_list":{"0":"post-24926","1":"product","2":"type-product","3":"status-publish","5":"product_cat-maros-megyei-eletrajzi-lexikon","7":"first","8":"instock","9":"shipping-taxable","10":"product-type-simple"},"_links":{"self":[{"href":"https:\/\/uj.adatbank.ro\/lexikon\/wp-json\/wp\/v2\/product\/24926","targetHints":{"allow":["GET"]}}],"collection":[{"href":"https:\/\/uj.adatbank.ro\/lexikon\/wp-json\/wp\/v2\/product"}],"about":[{"href":"https:\/\/uj.adatbank.ro\/lexikon\/wp-json\/wp\/v2\/types\/product"}],"replies":[{"embeddable":true,"href":"https:\/\/uj.adatbank.ro\/lexikon\/wp-json\/wp\/v2\/comments?post=24926"}],"wp:attachment":[{"href":"https:\/\/uj.adatbank.ro\/lexikon\/wp-json\/wp\/v2\/media?parent=24926"}],"wp:term":[{"taxonomy":"product_brand","embeddable":true,"href":"https:\/\/uj.adatbank.ro\/lexikon\/wp-json\/wp\/v2\/product_brand?post=24926"},{"taxonomy":"product_cat","embeddable":true,"href":"https:\/\/uj.adatbank.ro\/lexikon\/wp-json\/wp\/v2\/product_cat?post=24926"},{"taxonomy":"product_tag","embeddable":true,"href":"https:\/\/uj.adatbank.ro\/lexikon\/wp-json\/wp\/v2\/product_tag?post=24926"}],"curies":[{"name":"wp","href":"https:\/\/api.w.org\/{rel}","templated":true}]}}