{"id":24927,"date":"2025-08-01T18:26:16","date_gmt":"2025-08-01T16:26:16","guid":{"rendered":"https:\/\/uj.adatbank.ro\/lexikon\/termek\/wittich-jozsef-2\/"},"modified":"2025-08-01T18:26:16","modified_gmt":"2025-08-01T16:26:16","slug":"wittich-jozsef-2","status":"publish","type":"product","link":"https:\/\/uj.adatbank.ro\/lexikon\/termek\/wittich-jozsef-2\/","title":{"rendered":"WITTICH J\u00f3zsef"},"content":{"rendered":"<p>? \u2020\u00a0?: k\u00f6nyvkeresked\u0151. \u2013 Mv.-en volt k\u00f6nyv\u00fczlete (1856), k\u00f6lcs\u00f6nk\u00f6nyvt\u00e1ra (1873). A Mv.-i Kaszin\u00f3 m\u00e1sodtitk\u00e1ra (1896). <br \/><strong>\u2013 Irod.:<\/strong> Bi\u00e1s Istv\u00e1n; Kusz\u00e1lik\u2013Zal\u00e1nyi.<\/br><\/p>\n","protected":false},"excerpt":{"rendered":"<p>? \u2020\u00a0?: k\u00f6nyvkeresked\u0151. \u2013 Mv.-en volt k\u00f6nyv\u00fczlete (1856), k\u00f6lcs\u00f6nk\u00f6nyvt\u00e1ra (1873). A Mv.-i Kaszin\u00f3 m\u00e1sodtitk\u00e1ra (1896). \u2013 Irod.: Bi\u00e1s Istv\u00e1n; Kusz\u00e1lik\u2013Zal\u00e1nyi.<\/p>\n","protected":false},"featured_media":0,"comment_status":"open","ping_status":"closed","template":"","meta":[],"product_brand":[],"product_cat":[137],"product_tag":[],"class_list":{"0":"post-24927","1":"product","2":"type-product","3":"status-publish","5":"product_cat-maros-megyei-eletrajzi-lexikon","7":"first","8":"instock","9":"shipping-taxable","10":"product-type-simple"},"_links":{"self":[{"href":"https:\/\/uj.adatbank.ro\/lexikon\/wp-json\/wp\/v2\/product\/24927","targetHints":{"allow":["GET"]}}],"collection":[{"href":"https:\/\/uj.adatbank.ro\/lexikon\/wp-json\/wp\/v2\/product"}],"about":[{"href":"https:\/\/uj.adatbank.ro\/lexikon\/wp-json\/wp\/v2\/types\/product"}],"replies":[{"embeddable":true,"href":"https:\/\/uj.adatbank.ro\/lexikon\/wp-json\/wp\/v2\/comments?post=24927"}],"wp:attachment":[{"href":"https:\/\/uj.adatbank.ro\/lexikon\/wp-json\/wp\/v2\/media?parent=24927"}],"wp:term":[{"taxonomy":"product_brand","embeddable":true,"href":"https:\/\/uj.adatbank.ro\/lexikon\/wp-json\/wp\/v2\/product_brand?post=24927"},{"taxonomy":"product_cat","embeddable":true,"href":"https:\/\/uj.adatbank.ro\/lexikon\/wp-json\/wp\/v2\/product_cat?post=24927"},{"taxonomy":"product_tag","embeddable":true,"href":"https:\/\/uj.adatbank.ro\/lexikon\/wp-json\/wp\/v2\/product_tag?post=24927"}],"curies":[{"name":"wp","href":"https:\/\/api.w.org\/{rel}","templated":true}]}}