{"id":24928,"date":"2025-08-01T18:26:19","date_gmt":"2025-08-01T16:26:19","guid":{"rendered":"https:\/\/uj.adatbank.ro\/lexikon\/termek\/wladar-adam\/"},"modified":"2025-08-01T18:26:19","modified_gmt":"2025-08-01T16:26:19","slug":"wladar-adam","status":"publish","type":"product","link":"https:\/\/uj.adatbank.ro\/lexikon\/termek\/wladar-adam\/","title":{"rendered":"WLAD\u00c1R \u00c1d\u00e1m"},"content":{"rendered":"<p>Nagycsepcs\u00e9ny (Tur\u00f3c vm.), 1748. febr. 16., \u2020\u00a01789.: gy\u00f3gyszer\u00e9sz. \u2013 A nagyszombati egyetemen kapott magiszteri oklevelet (1777. febr. 8.). Mv.-en az Arany Szarvas gy\u00f3gyszert\u00e1r megnyit\u00f3ja \u00e9s tulajdonosa hal\u00e1l\u00e1ig (1782\u201389., F\u0151t\u00e9r, Toldalagi-h\u00e1z, majd 1914-t\u0151l F\u0151t\u00e9r, 55. sz.). \u00d6r\u00f6k\u00f6se W. M\u00e1ty\u00e1s volt. <br \/><strong>\u2013 Irod.:<\/strong> P\u00e9ter H. M. 2013.<\/br><\/p>\n","protected":false},"excerpt":{"rendered":"<p>Nagycsepcs\u00e9ny (Tur\u00f3c vm.), 1748. febr. 16., \u2020\u00a01789.: gy\u00f3gyszer\u00e9sz. \u2013 A nagyszombati egyetemen kapott magiszteri oklevelet (1777. febr. 8.). Mv.-en az Arany Szarvas gy\u00f3gyszert\u00e1r megnyit\u00f3ja \u00e9s tulajdonosa hal\u00e1l\u00e1ig (1782\u201389., F\u0151t\u00e9r, Toldalagi-h\u00e1z, majd 1914-t\u0151l F\u0151t\u00e9r, 55. sz.). \u00d6r\u00f6k\u00f6se W. M\u00e1ty\u00e1s volt. \u2013 Irod.: P\u00e9ter H. M. 2013.<\/p>\n","protected":false},"featured_media":0,"comment_status":"open","ping_status":"closed","template":"","meta":[],"product_brand":[],"product_cat":[137],"product_tag":[],"class_list":{"0":"post-24928","1":"product","2":"type-product","3":"status-publish","5":"product_cat-maros-megyei-eletrajzi-lexikon","7":"first","8":"instock","9":"shipping-taxable","10":"product-type-simple"},"_links":{"self":[{"href":"https:\/\/uj.adatbank.ro\/lexikon\/wp-json\/wp\/v2\/product\/24928","targetHints":{"allow":["GET"]}}],"collection":[{"href":"https:\/\/uj.adatbank.ro\/lexikon\/wp-json\/wp\/v2\/product"}],"about":[{"href":"https:\/\/uj.adatbank.ro\/lexikon\/wp-json\/wp\/v2\/types\/product"}],"replies":[{"embeddable":true,"href":"https:\/\/uj.adatbank.ro\/lexikon\/wp-json\/wp\/v2\/comments?post=24928"}],"wp:attachment":[{"href":"https:\/\/uj.adatbank.ro\/lexikon\/wp-json\/wp\/v2\/media?parent=24928"}],"wp:term":[{"taxonomy":"product_brand","embeddable":true,"href":"https:\/\/uj.adatbank.ro\/lexikon\/wp-json\/wp\/v2\/product_brand?post=24928"},{"taxonomy":"product_cat","embeddable":true,"href":"https:\/\/uj.adatbank.ro\/lexikon\/wp-json\/wp\/v2\/product_cat?post=24928"},{"taxonomy":"product_tag","embeddable":true,"href":"https:\/\/uj.adatbank.ro\/lexikon\/wp-json\/wp\/v2\/product_tag?post=24928"}],"curies":[{"name":"wp","href":"https:\/\/api.w.org\/{rel}","templated":true}]}}