{"id":24932,"date":"2025-08-01T18:26:32","date_gmt":"2025-08-01T16:26:32","guid":{"rendered":"https:\/\/uj.adatbank.ro\/lexikon\/termek\/wojtitz-jozsef\/"},"modified":"2025-08-01T18:26:32","modified_gmt":"2025-08-01T16:26:32","slug":"wojtitz-jozsef","status":"publish","type":"product","link":"https:\/\/uj.adatbank.ro\/lexikon\/termek\/wojtitz-jozsef\/","title":{"rendered":"WOJTITZ J\u00f3zsef"},"content":{"rendered":"<p>? \u2020\u00a0?: keresked\u0151. \u2013 Mv.-i polg\u00e1r (1828), az els\u0151 izraelita a v\u00e1rosban. <br \/><strong>\u2013 Irod.:<\/strong> Sebesty\u00e9n Mih\u00e1ly 2000.<\/br><\/p>\n","protected":false},"excerpt":{"rendered":"<p>? \u2020\u00a0?: keresked\u0151. \u2013 Mv.-i polg\u00e1r (1828), az els\u0151 izraelita a v\u00e1rosban. \u2013 Irod.: Sebesty\u00e9n Mih\u00e1ly 2000.<\/p>\n","protected":false},"featured_media":0,"comment_status":"open","ping_status":"closed","template":"","meta":[],"product_brand":[],"product_cat":[137],"product_tag":[],"class_list":{"0":"post-24932","1":"product","2":"type-product","3":"status-publish","5":"product_cat-maros-megyei-eletrajzi-lexikon","7":"first","8":"instock","9":"shipping-taxable","10":"product-type-simple"},"_links":{"self":[{"href":"https:\/\/uj.adatbank.ro\/lexikon\/wp-json\/wp\/v2\/product\/24932","targetHints":{"allow":["GET"]}}],"collection":[{"href":"https:\/\/uj.adatbank.ro\/lexikon\/wp-json\/wp\/v2\/product"}],"about":[{"href":"https:\/\/uj.adatbank.ro\/lexikon\/wp-json\/wp\/v2\/types\/product"}],"replies":[{"embeddable":true,"href":"https:\/\/uj.adatbank.ro\/lexikon\/wp-json\/wp\/v2\/comments?post=24932"}],"wp:attachment":[{"href":"https:\/\/uj.adatbank.ro\/lexikon\/wp-json\/wp\/v2\/media?parent=24932"}],"wp:term":[{"taxonomy":"product_brand","embeddable":true,"href":"https:\/\/uj.adatbank.ro\/lexikon\/wp-json\/wp\/v2\/product_brand?post=24932"},{"taxonomy":"product_cat","embeddable":true,"href":"https:\/\/uj.adatbank.ro\/lexikon\/wp-json\/wp\/v2\/product_cat?post=24932"},{"taxonomy":"product_tag","embeddable":true,"href":"https:\/\/uj.adatbank.ro\/lexikon\/wp-json\/wp\/v2\/product_tag?post=24932"}],"curies":[{"name":"wp","href":"https:\/\/api.w.org\/{rel}","templated":true}]}}