{"id":24934,"date":"2025-08-01T18:26:35","date_gmt":"2025-08-01T16:26:35","guid":{"rendered":"https:\/\/uj.adatbank.ro\/lexikon\/termek\/wolf-benjamin\/"},"modified":"2025-08-01T18:26:35","modified_gmt":"2025-08-01T16:26:35","slug":"wolf-benjamin","status":"publish","type":"product","link":"https:\/\/uj.adatbank.ro\/lexikon\/termek\/wolf-benjamin\/","title":{"rendered":"WOLF, Benjamin"},"content":{"rendered":"<p>Krakk\u00f3, ?, \u2020 ?: rabbi. \u2013 K\u00e1rolyfeh\u00e9rv\u00e1ri, n\u00e1znai \u00e9s orsz\u00e1gos rabbi. A n\u00e1zn\u00e1nfalvi er\u0151s zsid\u00f3 hitk\u00f6zs\u00e9g k\u00fcl\u00f6n is megv\u00e1lasztotta rabbinak. Vezette-szervezte a hitk\u00f6zs\u00e9get. <br \/><strong>\u2013 Irod.:<\/strong> Ga\u00e1l Gy\u00f6rgy: Az izraelit\u00e1k Erd\u00e9lyben = Ga\u00e1l: Kv. vonz\u00e1s\u00e1ban.<\/br><\/p>\n","protected":false},"excerpt":{"rendered":"<p>Krakk\u00f3, ?, \u2020 ?: rabbi. \u2013 K\u00e1rolyfeh\u00e9rv\u00e1ri, n\u00e1znai \u00e9s orsz\u00e1gos rabbi. A n\u00e1zn\u00e1nfalvi er\u0151s zsid\u00f3 hitk\u00f6zs\u00e9g k\u00fcl\u00f6n is megv\u00e1lasztotta rabbinak. Vezette-szervezte a hitk\u00f6zs\u00e9get. \u2013 Irod.: Ga\u00e1l Gy\u00f6rgy: Az izraelit\u00e1k Erd\u00e9lyben = Ga\u00e1l: Kv. vonz\u00e1s\u00e1ban.<\/p>\n","protected":false},"featured_media":0,"comment_status":"open","ping_status":"closed","template":"","meta":[],"product_brand":[],"product_cat":[137],"product_tag":[],"class_list":{"0":"post-24934","1":"product","2":"type-product","3":"status-publish","5":"product_cat-maros-megyei-eletrajzi-lexikon","7":"first","8":"instock","9":"shipping-taxable","10":"product-type-simple"},"_links":{"self":[{"href":"https:\/\/uj.adatbank.ro\/lexikon\/wp-json\/wp\/v2\/product\/24934","targetHints":{"allow":["GET"]}}],"collection":[{"href":"https:\/\/uj.adatbank.ro\/lexikon\/wp-json\/wp\/v2\/product"}],"about":[{"href":"https:\/\/uj.adatbank.ro\/lexikon\/wp-json\/wp\/v2\/types\/product"}],"replies":[{"embeddable":true,"href":"https:\/\/uj.adatbank.ro\/lexikon\/wp-json\/wp\/v2\/comments?post=24934"}],"wp:attachment":[{"href":"https:\/\/uj.adatbank.ro\/lexikon\/wp-json\/wp\/v2\/media?parent=24934"}],"wp:term":[{"taxonomy":"product_brand","embeddable":true,"href":"https:\/\/uj.adatbank.ro\/lexikon\/wp-json\/wp\/v2\/product_brand?post=24934"},{"taxonomy":"product_cat","embeddable":true,"href":"https:\/\/uj.adatbank.ro\/lexikon\/wp-json\/wp\/v2\/product_cat?post=24934"},{"taxonomy":"product_tag","embeddable":true,"href":"https:\/\/uj.adatbank.ro\/lexikon\/wp-json\/wp\/v2\/product_tag?post=24934"}],"curies":[{"name":"wp","href":"https:\/\/api.w.org\/{rel}","templated":true}]}}