{"id":24936,"date":"2025-08-01T18:26:40","date_gmt":"2025-08-01T16:26:40","guid":{"rendered":"https:\/\/uj.adatbank.ro\/lexikon\/termek\/wolf-hermanne-grun-olga\/"},"modified":"2025-08-01T18:26:40","modified_gmt":"2025-08-01T16:26:40","slug":"wolf-hermanne-grun-olga","status":"publish","type":"product","link":"https:\/\/uj.adatbank.ro\/lexikon\/termek\/wolf-hermanne-grun-olga\/","title":{"rendered":"WOLF Hermann\u00e9, Gr\u00fcn Olga"},"content":{"rendered":"<p>1879? \u2020 Bp., 1915. okt. 1. Mv.-en temett\u00e9k: ?. \u2013 Gr\u00fcn Izs\u00e1k le\u00e1nya. Testv\u00e9re G. Adolf. F\u00e9rje: dr. Wolf Herman. <br \/><strong>\u2013 Irod.:<\/strong> Gy\u00e1szjelent\u0151.<\/br><\/p>\n","protected":false},"excerpt":{"rendered":"<p>1879? \u2020 Bp., 1915. okt. 1. Mv.-en temett\u00e9k: ?. \u2013 Gr\u00fcn Izs\u00e1k le\u00e1nya. Testv\u00e9re G. Adolf. F\u00e9rje: dr. Wolf Herman. \u2013 Irod.: Gy\u00e1szjelent\u0151.<\/p>\n","protected":false},"featured_media":0,"comment_status":"open","ping_status":"closed","template":"","meta":[],"product_brand":[],"product_cat":[137],"product_tag":[],"class_list":{"0":"post-24936","1":"product","2":"type-product","3":"status-publish","5":"product_cat-maros-megyei-eletrajzi-lexikon","7":"first","8":"instock","9":"shipping-taxable","10":"product-type-simple"},"_links":{"self":[{"href":"https:\/\/uj.adatbank.ro\/lexikon\/wp-json\/wp\/v2\/product\/24936","targetHints":{"allow":["GET"]}}],"collection":[{"href":"https:\/\/uj.adatbank.ro\/lexikon\/wp-json\/wp\/v2\/product"}],"about":[{"href":"https:\/\/uj.adatbank.ro\/lexikon\/wp-json\/wp\/v2\/types\/product"}],"replies":[{"embeddable":true,"href":"https:\/\/uj.adatbank.ro\/lexikon\/wp-json\/wp\/v2\/comments?post=24936"}],"wp:attachment":[{"href":"https:\/\/uj.adatbank.ro\/lexikon\/wp-json\/wp\/v2\/media?parent=24936"}],"wp:term":[{"taxonomy":"product_brand","embeddable":true,"href":"https:\/\/uj.adatbank.ro\/lexikon\/wp-json\/wp\/v2\/product_brand?post=24936"},{"taxonomy":"product_cat","embeddable":true,"href":"https:\/\/uj.adatbank.ro\/lexikon\/wp-json\/wp\/v2\/product_cat?post=24936"},{"taxonomy":"product_tag","embeddable":true,"href":"https:\/\/uj.adatbank.ro\/lexikon\/wp-json\/wp\/v2\/product_tag?post=24936"}],"curies":[{"name":"wp","href":"https:\/\/api.w.org\/{rel}","templated":true}]}}