{"id":24939,"date":"2025-08-01T18:26:51","date_gmt":"2025-08-01T16:26:51","guid":{"rendered":"https:\/\/uj.adatbank.ro\/lexikon\/termek\/wolf-mano-%c2%a7\/"},"modified":"2025-08-01T18:26:51","modified_gmt":"2025-08-01T16:26:51","slug":"wolf-mano-%c2%a7","status":"publish","type":"product","link":"https:\/\/uj.adatbank.ro\/lexikon\/termek\/wolf-mano-%c2%a7\/","title":{"rendered":"WOLF Man\u00f3, \u00a7"},"content":{"rendered":"<p>Sz\u00e1szr\u00e9gen, 1898., \u2020\u00a0?: keresked\u0151. \u2013 Iskol\u00e1i elv\u00e9gz\u00e9se ut\u00e1n apj\u00e1t\u00f3l tanulta a keresked\u00e9st majd Mv.-en \u00f6n\u00e1ll\u00f3 lett (1926), k\u00e9szruha \u00e9s sz\u00f6vet\u00e1ru \u00fczlete volt. Az els\u0151 vh.-ban (1916. m\u00e1j. \u2013 1918. nov.) a h. gy. e.-del az olasz \u00e9s az orosz fronton harcolt. Mv.-r\u0151l a feles\u00e9g\u00e9vel (1904) egy\u00fctt deport\u00e1lt\u00e1k (1944. m\u00e1j. 29.). <br \/><strong>\u2013 Irod.:<\/strong> M. hadviselt zsid\u00f3k; Mv. zsid\u00f3s\u00e1ga; Sz\u00e9kelyf\u00f6ld \u00ed. k.<\/br><\/p>\n","protected":false},"excerpt":{"rendered":"<p>Sz\u00e1szr\u00e9gen, 1898., \u2020\u00a0?: keresked\u0151. \u2013 Iskol\u00e1i elv\u00e9gz\u00e9se ut\u00e1n apj\u00e1t\u00f3l tanulta a keresked\u00e9st majd Mv.-en \u00f6n\u00e1ll\u00f3 lett (1926), k\u00e9szruha \u00e9s sz\u00f6vet\u00e1ru \u00fczlete volt. Az els\u0151 vh.-ban (1916. m\u00e1j. \u2013 1918. nov.) a h. gy. e.-del az olasz \u00e9s az orosz fronton harcolt. Mv.-r\u0151l a feles\u00e9g\u00e9vel (1904) egy\u00fctt deport\u00e1lt\u00e1k (1944. m\u00e1j. 29.). \u2013 Irod.: M. hadviselt zsid\u00f3k; [&hellip;]<\/p>\n","protected":false},"featured_media":0,"comment_status":"open","ping_status":"closed","template":"","meta":[],"product_brand":[],"product_cat":[137],"product_tag":[],"class_list":{"0":"post-24939","1":"product","2":"type-product","3":"status-publish","5":"product_cat-maros-megyei-eletrajzi-lexikon","7":"first","8":"instock","9":"shipping-taxable","10":"product-type-simple"},"_links":{"self":[{"href":"https:\/\/uj.adatbank.ro\/lexikon\/wp-json\/wp\/v2\/product\/24939","targetHints":{"allow":["GET"]}}],"collection":[{"href":"https:\/\/uj.adatbank.ro\/lexikon\/wp-json\/wp\/v2\/product"}],"about":[{"href":"https:\/\/uj.adatbank.ro\/lexikon\/wp-json\/wp\/v2\/types\/product"}],"replies":[{"embeddable":true,"href":"https:\/\/uj.adatbank.ro\/lexikon\/wp-json\/wp\/v2\/comments?post=24939"}],"wp:attachment":[{"href":"https:\/\/uj.adatbank.ro\/lexikon\/wp-json\/wp\/v2\/media?parent=24939"}],"wp:term":[{"taxonomy":"product_brand","embeddable":true,"href":"https:\/\/uj.adatbank.ro\/lexikon\/wp-json\/wp\/v2\/product_brand?post=24939"},{"taxonomy":"product_cat","embeddable":true,"href":"https:\/\/uj.adatbank.ro\/lexikon\/wp-json\/wp\/v2\/product_cat?post=24939"},{"taxonomy":"product_tag","embeddable":true,"href":"https:\/\/uj.adatbank.ro\/lexikon\/wp-json\/wp\/v2\/product_tag?post=24939"}],"curies":[{"name":"wp","href":"https:\/\/api.w.org\/{rel}","templated":true}]}}