{"id":24940,"date":"2025-08-01T18:26:54","date_gmt":"2025-08-01T16:26:54","guid":{"rendered":"https:\/\/uj.adatbank.ro\/lexikon\/termek\/wolf-sara\/"},"modified":"2025-08-01T18:26:54","modified_gmt":"2025-08-01T16:26:54","slug":"wolf-sara","status":"publish","type":"product","link":"https:\/\/uj.adatbank.ro\/lexikon\/termek\/wolf-sara\/","title":{"rendered":"WOLF S\u00e1ra"},"content":{"rendered":"<p>? \u2020\u00a0? Segesv\u00e1r r\u00e9sz\u00e9r\u0151l vett r\u00e9szt az Orsz\u00e1gos N\u0151ipar-ki\u00e1ll\u00edt\u00e1son. <br \/><strong>\u2013 Irod.:<\/strong> Gell\u00e9ri M\u00f3r: Orsz\u00e1gos N\u0151ipar-ki\u00e1ll\u00edt\u00e1s (Bp., 1881).<\/br><\/p>\n","protected":false},"excerpt":{"rendered":"<p>? \u2020\u00a0? Segesv\u00e1r r\u00e9sz\u00e9r\u0151l vett r\u00e9szt az Orsz\u00e1gos N\u0151ipar-ki\u00e1ll\u00edt\u00e1son. \u2013 Irod.: Gell\u00e9ri M\u00f3r: Orsz\u00e1gos N\u0151ipar-ki\u00e1ll\u00edt\u00e1s (Bp., 1881).<\/p>\n","protected":false},"featured_media":0,"comment_status":"open","ping_status":"closed","template":"","meta":[],"product_brand":[],"product_cat":[137],"product_tag":[],"class_list":{"0":"post-24940","1":"product","2":"type-product","3":"status-publish","5":"product_cat-maros-megyei-eletrajzi-lexikon","7":"first","8":"instock","9":"shipping-taxable","10":"product-type-simple"},"_links":{"self":[{"href":"https:\/\/uj.adatbank.ro\/lexikon\/wp-json\/wp\/v2\/product\/24940","targetHints":{"allow":["GET"]}}],"collection":[{"href":"https:\/\/uj.adatbank.ro\/lexikon\/wp-json\/wp\/v2\/product"}],"about":[{"href":"https:\/\/uj.adatbank.ro\/lexikon\/wp-json\/wp\/v2\/types\/product"}],"replies":[{"embeddable":true,"href":"https:\/\/uj.adatbank.ro\/lexikon\/wp-json\/wp\/v2\/comments?post=24940"}],"wp:attachment":[{"href":"https:\/\/uj.adatbank.ro\/lexikon\/wp-json\/wp\/v2\/media?parent=24940"}],"wp:term":[{"taxonomy":"product_brand","embeddable":true,"href":"https:\/\/uj.adatbank.ro\/lexikon\/wp-json\/wp\/v2\/product_brand?post=24940"},{"taxonomy":"product_cat","embeddable":true,"href":"https:\/\/uj.adatbank.ro\/lexikon\/wp-json\/wp\/v2\/product_cat?post=24940"},{"taxonomy":"product_tag","embeddable":true,"href":"https:\/\/uj.adatbank.ro\/lexikon\/wp-json\/wp\/v2\/product_tag?post=24940"}],"curies":[{"name":"wp","href":"https:\/\/api.w.org\/{rel}","templated":true}]}}