{"id":24947,"date":"2025-08-01T18:27:08","date_gmt":"2025-08-01T16:27:08","guid":{"rendered":"https:\/\/uj.adatbank.ro\/lexikon\/termek\/wolff-joseph\/"},"modified":"2025-08-01T18:27:08","modified_gmt":"2025-08-01T16:27:08","slug":"wolff-joseph","status":"publish","type":"product","link":"https:\/\/uj.adatbank.ro\/lexikon\/termek\/wolff-joseph\/","title":{"rendered":"WOLFF Joseph"},"content":{"rendered":"<p>Segesv\u00e1r, ? \u2020 Segesv\u00e1r, 1875: orvosdoktor, W. J\u00f3zsef segesv\u00e1ri v\u00e1rosi tan\u00e1csos fia. Miut\u00e1n sz\u00fcl\u0151v\u00e1ros\u00e1ban a gimn\u00e1ziumot elv\u00e9gezte, a b\u00e9csi egyetemen orvostudom\u00e1nyt hallgatott (1826\u201333). A kolerabetegek gy\u00f3gy\u00edt\u00e1s\u00e1ra haza k\u00fcldt\u00e9k (1831); ism\u00e9t B\u00e9csben tanult (1833), hol ugyanazon \u00e9vben orvosdoktori oklevelet nyert. Erzs\u00e9betv\u00e1ros tisztiorvosa (1839), majd Segesv\u00e1rt orvosi gyakorlatot folytatott, k\u00e9s\u0151bb k\u00f3rh\u00e1zi, majd v\u00e1rosi f\u0151orvos lett (1846\u2013). \u2013  <strong>F. m..:<\/strong> Dissertatio inaug. medico-pharmacol. de moscho. (Vindobonae, 1833). <br \/><strong>\u2013 Irod.:<\/strong> Gy\u0151ry; Matolcsi; Szab\u00f3\u2013Sz\u00f6gi; Szinnyei; Szinnyei J \u2013 Sz.J.<\/br><\/p>\n","protected":false},"excerpt":{"rendered":"<p>Segesv\u00e1r, ? \u2020 Segesv\u00e1r, 1875: orvosdoktor, W. J\u00f3zsef segesv\u00e1ri v\u00e1rosi tan\u00e1csos fia. Miut\u00e1n sz\u00fcl\u0151v\u00e1ros\u00e1ban a gimn\u00e1ziumot elv\u00e9gezte, a b\u00e9csi egyetemen orvostudom\u00e1nyt hallgatott (1826\u201333). A kolerabetegek gy\u00f3gy\u00edt\u00e1s\u00e1ra haza k\u00fcldt\u00e9k (1831); ism\u00e9t B\u00e9csben tanult (1833), hol ugyanazon \u00e9vben orvosdoktori oklevelet nyert. Erzs\u00e9betv\u00e1ros tisztiorvosa (1839), majd Segesv\u00e1rt orvosi gyakorlatot folytatott, k\u00e9s\u0151bb k\u00f3rh\u00e1zi, majd v\u00e1rosi f\u0151orvos lett (1846\u2013). \u2013 [&hellip;]<\/p>\n","protected":false},"featured_media":0,"comment_status":"open","ping_status":"closed","template":"","meta":[],"product_brand":[],"product_cat":[137],"product_tag":[],"class_list":{"0":"post-24947","1":"product","2":"type-product","3":"status-publish","5":"product_cat-maros-megyei-eletrajzi-lexikon","7":"first","8":"instock","9":"shipping-taxable","10":"product-type-simple"},"_links":{"self":[{"href":"https:\/\/uj.adatbank.ro\/lexikon\/wp-json\/wp\/v2\/product\/24947","targetHints":{"allow":["GET"]}}],"collection":[{"href":"https:\/\/uj.adatbank.ro\/lexikon\/wp-json\/wp\/v2\/product"}],"about":[{"href":"https:\/\/uj.adatbank.ro\/lexikon\/wp-json\/wp\/v2\/types\/product"}],"replies":[{"embeddable":true,"href":"https:\/\/uj.adatbank.ro\/lexikon\/wp-json\/wp\/v2\/comments?post=24947"}],"wp:attachment":[{"href":"https:\/\/uj.adatbank.ro\/lexikon\/wp-json\/wp\/v2\/media?parent=24947"}],"wp:term":[{"taxonomy":"product_brand","embeddable":true,"href":"https:\/\/uj.adatbank.ro\/lexikon\/wp-json\/wp\/v2\/product_brand?post=24947"},{"taxonomy":"product_cat","embeddable":true,"href":"https:\/\/uj.adatbank.ro\/lexikon\/wp-json\/wp\/v2\/product_cat?post=24947"},{"taxonomy":"product_tag","embeddable":true,"href":"https:\/\/uj.adatbank.ro\/lexikon\/wp-json\/wp\/v2\/product_tag?post=24947"}],"curies":[{"name":"wp","href":"https:\/\/api.w.org\/{rel}","templated":true}]}}