{"id":24952,"date":"2025-08-01T18:27:21","date_gmt":"2025-08-01T16:27:21","guid":{"rendered":"https:\/\/uj.adatbank.ro\/lexikon\/termek\/wonner-johannes\/"},"modified":"2025-08-01T18:27:21","modified_gmt":"2025-08-01T16:27:21","slug":"wonner-johannes","status":"publish","type":"product","link":"https:\/\/uj.adatbank.ro\/lexikon\/termek\/wonner-johannes\/","title":{"rendered":"WONNER, Johannes"},"content":{"rendered":"<p>Segesv\u00e1r, ? \u2020 Segesd, 1734. j\u00fal. 8.: ev. lelk\u00e9sz. \u2013 Tanult Wittenbergben (1702). Pr\u00e9dik\u00e1tor Segesv\u00e1ron (1713\u201314); ev. lelk\u00e9sz Segesden (1715\u201334). <br \/><strong>\u2013 Irod.:<\/strong> Apold; Szab\u00f3\u2013Sz\u00f6gi.<\/br><\/p>\n","protected":false},"excerpt":{"rendered":"<p>Segesv\u00e1r, ? \u2020 Segesd, 1734. j\u00fal. 8.: ev. lelk\u00e9sz. \u2013 Tanult Wittenbergben (1702). Pr\u00e9dik\u00e1tor Segesv\u00e1ron (1713\u201314); ev. lelk\u00e9sz Segesden (1715\u201334). \u2013 Irod.: Apold; Szab\u00f3\u2013Sz\u00f6gi.<\/p>\n","protected":false},"featured_media":0,"comment_status":"open","ping_status":"closed","template":"","meta":[],"product_brand":[],"product_cat":[137],"product_tag":[],"class_list":{"0":"post-24952","1":"product","2":"type-product","3":"status-publish","5":"product_cat-maros-megyei-eletrajzi-lexikon","7":"first","8":"instock","9":"shipping-taxable","10":"product-type-simple"},"_links":{"self":[{"href":"https:\/\/uj.adatbank.ro\/lexikon\/wp-json\/wp\/v2\/product\/24952","targetHints":{"allow":["GET"]}}],"collection":[{"href":"https:\/\/uj.adatbank.ro\/lexikon\/wp-json\/wp\/v2\/product"}],"about":[{"href":"https:\/\/uj.adatbank.ro\/lexikon\/wp-json\/wp\/v2\/types\/product"}],"replies":[{"embeddable":true,"href":"https:\/\/uj.adatbank.ro\/lexikon\/wp-json\/wp\/v2\/comments?post=24952"}],"wp:attachment":[{"href":"https:\/\/uj.adatbank.ro\/lexikon\/wp-json\/wp\/v2\/media?parent=24952"}],"wp:term":[{"taxonomy":"product_brand","embeddable":true,"href":"https:\/\/uj.adatbank.ro\/lexikon\/wp-json\/wp\/v2\/product_brand?post=24952"},{"taxonomy":"product_cat","embeddable":true,"href":"https:\/\/uj.adatbank.ro\/lexikon\/wp-json\/wp\/v2\/product_cat?post=24952"},{"taxonomy":"product_tag","embeddable":true,"href":"https:\/\/uj.adatbank.ro\/lexikon\/wp-json\/wp\/v2\/product_tag?post=24952"}],"curies":[{"name":"wp","href":"https:\/\/api.w.org\/{rel}","templated":true}]}}