{"id":24954,"date":"2025-08-01T18:27:25","date_gmt":"2025-08-01T16:27:25","guid":{"rendered":"https:\/\/uj.adatbank.ro\/lexikon\/termek\/worell-jozsef\/"},"modified":"2025-08-01T18:27:25","modified_gmt":"2025-08-01T16:27:25","slug":"worell-jozsef","status":"publish","type":"product","link":"https:\/\/uj.adatbank.ro\/lexikon\/termek\/worell-jozsef\/","title":{"rendered":"WORELL J\u00f3zsef"},"content":{"rendered":"<p>1817? \u2020\u00a0Mv., 1885. okt. 1.: kalapos. \u2013 Testv\u00e9rei: W. M\u00e1rton, feles\u00e9ge Schnell M\u00e1ria; W. Am\u00e1lia \u2013 Hajnal J\u00e1nosn\u00e9; W. Ter\u00e9z \u2013 K\u00e1r\u00e1szek B\u00e9l\u00e1n\u00e9; W. Ferenc \u00e9s W. K\u00e1roly. Feles\u00e9ge: M\u00e1th\u00e9 Rebeka. Nevelt fiuk: Dvorz\u00e1k Albert. \u2013 Mv.-en volt kalapszalonja. A b\u00e9csi ipari ki\u00e1ll\u00edt\u00e1son dics\u00e9r\u0151 oklevelet nyert (1873), azut\u00e1n p\u00e1rizsi vil\u00e1gki\u00e1ll\u00edt\u00e1son is nyert \u00e9rmet (1878). <br \/><strong>\u2013 Irod.:<\/strong> Gy\u00e1szjelent\u0151; Id\u0151t\u00e1r 2.<\/br><\/p>\n","protected":false},"excerpt":{"rendered":"<p>1817? \u2020\u00a0Mv., 1885. okt. 1.: kalapos. \u2013 Testv\u00e9rei: W. M\u00e1rton, feles\u00e9ge Schnell M\u00e1ria; W. Am\u00e1lia \u2013 Hajnal J\u00e1nosn\u00e9; W. Ter\u00e9z \u2013 K\u00e1r\u00e1szek B\u00e9l\u00e1n\u00e9; W. Ferenc \u00e9s W. K\u00e1roly. Feles\u00e9ge: M\u00e1th\u00e9 Rebeka. Nevelt fiuk: Dvorz\u00e1k Albert. \u2013 Mv.-en volt kalapszalonja. A b\u00e9csi ipari ki\u00e1ll\u00edt\u00e1son dics\u00e9r\u0151 oklevelet nyert (1873), azut\u00e1n p\u00e1rizsi vil\u00e1gki\u00e1ll\u00edt\u00e1son is nyert \u00e9rmet (1878). \u2013 [&hellip;]<\/p>\n","protected":false},"featured_media":0,"comment_status":"open","ping_status":"closed","template":"","meta":[],"product_brand":[],"product_cat":[137],"product_tag":[],"class_list":{"0":"post-24954","1":"product","2":"type-product","3":"status-publish","5":"product_cat-maros-megyei-eletrajzi-lexikon","7":"first","8":"instock","9":"shipping-taxable","10":"product-type-simple"},"_links":{"self":[{"href":"https:\/\/uj.adatbank.ro\/lexikon\/wp-json\/wp\/v2\/product\/24954","targetHints":{"allow":["GET"]}}],"collection":[{"href":"https:\/\/uj.adatbank.ro\/lexikon\/wp-json\/wp\/v2\/product"}],"about":[{"href":"https:\/\/uj.adatbank.ro\/lexikon\/wp-json\/wp\/v2\/types\/product"}],"replies":[{"embeddable":true,"href":"https:\/\/uj.adatbank.ro\/lexikon\/wp-json\/wp\/v2\/comments?post=24954"}],"wp:attachment":[{"href":"https:\/\/uj.adatbank.ro\/lexikon\/wp-json\/wp\/v2\/media?parent=24954"}],"wp:term":[{"taxonomy":"product_brand","embeddable":true,"href":"https:\/\/uj.adatbank.ro\/lexikon\/wp-json\/wp\/v2\/product_brand?post=24954"},{"taxonomy":"product_cat","embeddable":true,"href":"https:\/\/uj.adatbank.ro\/lexikon\/wp-json\/wp\/v2\/product_cat?post=24954"},{"taxonomy":"product_tag","embeddable":true,"href":"https:\/\/uj.adatbank.ro\/lexikon\/wp-json\/wp\/v2\/product_tag?post=24954"}],"curies":[{"name":"wp","href":"https:\/\/api.w.org\/{rel}","templated":true}]}}