{"id":24955,"date":"2025-08-01T18:27:27","date_gmt":"2025-08-01T16:27:27","guid":{"rendered":"https:\/\/uj.adatbank.ro\/lexikon\/termek\/wosthius-michael\/"},"modified":"2025-08-01T18:27:27","modified_gmt":"2025-08-01T16:27:27","slug":"wosthius-michael","status":"publish","type":"product","link":"https:\/\/uj.adatbank.ro\/lexikon\/termek\/wosthius-michael\/","title":{"rendered":"WOSTHIUS, Michael"},"content":{"rendered":"<p>? \u2020\u00a0?: ev. lelk\u00e9sz. \u2013 Sz\u00e1szk\u00e9zdi sz\u00e1rmaz\u00e1s\u00fa. A brass\u00f3i Ev. Gimn.-ban v\u00e9gzett (1546). Apoldon volt lelk\u00e9sz (1563\u201373) \u00e9s a sz\u00e1szk\u00e9zdi kanonoks\u00e1g esperese. <br \/><strong>\u2013 Irod.:<\/strong> Saschiz.<\/br><\/p>\n","protected":false},"excerpt":{"rendered":"<p>? \u2020\u00a0?: ev. lelk\u00e9sz. \u2013 Sz\u00e1szk\u00e9zdi sz\u00e1rmaz\u00e1s\u00fa. A brass\u00f3i Ev. Gimn.-ban v\u00e9gzett (1546). Apoldon volt lelk\u00e9sz (1563\u201373) \u00e9s a sz\u00e1szk\u00e9zdi kanonoks\u00e1g esperese. \u2013 Irod.: Saschiz.<\/p>\n","protected":false},"featured_media":0,"comment_status":"open","ping_status":"closed","template":"","meta":[],"product_brand":[],"product_cat":[137],"product_tag":[],"class_list":{"0":"post-24955","1":"product","2":"type-product","3":"status-publish","5":"product_cat-maros-megyei-eletrajzi-lexikon","7":"first","8":"instock","9":"shipping-taxable","10":"product-type-simple"},"_links":{"self":[{"href":"https:\/\/uj.adatbank.ro\/lexikon\/wp-json\/wp\/v2\/product\/24955","targetHints":{"allow":["GET"]}}],"collection":[{"href":"https:\/\/uj.adatbank.ro\/lexikon\/wp-json\/wp\/v2\/product"}],"about":[{"href":"https:\/\/uj.adatbank.ro\/lexikon\/wp-json\/wp\/v2\/types\/product"}],"replies":[{"embeddable":true,"href":"https:\/\/uj.adatbank.ro\/lexikon\/wp-json\/wp\/v2\/comments?post=24955"}],"wp:attachment":[{"href":"https:\/\/uj.adatbank.ro\/lexikon\/wp-json\/wp\/v2\/media?parent=24955"}],"wp:term":[{"taxonomy":"product_brand","embeddable":true,"href":"https:\/\/uj.adatbank.ro\/lexikon\/wp-json\/wp\/v2\/product_brand?post=24955"},{"taxonomy":"product_cat","embeddable":true,"href":"https:\/\/uj.adatbank.ro\/lexikon\/wp-json\/wp\/v2\/product_cat?post=24955"},{"taxonomy":"product_tag","embeddable":true,"href":"https:\/\/uj.adatbank.ro\/lexikon\/wp-json\/wp\/v2\/product_tag?post=24955"}],"curies":[{"name":"wp","href":"https:\/\/api.w.org\/{rel}","templated":true}]}}