{"id":24957,"date":"2025-08-01T18:27:32","date_gmt":"2025-08-01T16:27:32","guid":{"rendered":"https:\/\/uj.adatbank.ro\/lexikon\/termek\/wultschner-friedrich\/"},"modified":"2025-08-01T18:27:32","modified_gmt":"2025-08-01T16:27:32","slug":"wultschner-friedrich","status":"publish","type":"product","link":"https:\/\/uj.adatbank.ro\/lexikon\/termek\/wultschner-friedrich\/","title":{"rendered":"WULTSCHNER, Friedrich"},"content":{"rendered":"<p>Segesv\u00e1r, ? \u2020 ?: \u00edr\u00f3. \u2013 Sz\u00fcl\u0151v\u00e1ros\u00e1ban v\u00e9gezte a gimn\u00e1ziumot. Katonak\u00e9nt a sz\u00e1sz vad\u00e1szz\u00e1szl\u00f3aljban szolg\u00e1lt, \u00e9s r\u00e9szt vett a felszabad\u00edt\u00f3 h\u00e1bor\u00fakban (1790\u20131813), majd az olaszorsz\u00e1gi hadj\u00e1ratban (1834). Hazat\u00e9rve Segesv\u00e1ron telepedett le, meg\u00edrta h\u00e1bor\u00fas visszaeml\u00e9kez\u00e9seit. Nagy csod\u00e1l\u00f3ja volt Radetzky t\u00e1bornoknak. Megrendelte kora helyi \u00e9s idegen sajt\u00f3term\u00e9keit. <br \/><strong>\u2013 Irod.:<\/strong> Sighi\u015foara.<\/br><\/p>\n","protected":false},"excerpt":{"rendered":"<p>Segesv\u00e1r, ? \u2020 ?: \u00edr\u00f3. \u2013 Sz\u00fcl\u0151v\u00e1ros\u00e1ban v\u00e9gezte a gimn\u00e1ziumot. Katonak\u00e9nt a sz\u00e1sz vad\u00e1szz\u00e1szl\u00f3aljban szolg\u00e1lt, \u00e9s r\u00e9szt vett a felszabad\u00edt\u00f3 h\u00e1bor\u00fakban (1790\u20131813), majd az olaszorsz\u00e1gi hadj\u00e1ratban (1834). Hazat\u00e9rve Segesv\u00e1ron telepedett le, meg\u00edrta h\u00e1bor\u00fas visszaeml\u00e9kez\u00e9seit. Nagy csod\u00e1l\u00f3ja volt Radetzky t\u00e1bornoknak. Megrendelte kora helyi \u00e9s idegen sajt\u00f3term\u00e9keit. \u2013 Irod.: Sighi\u015foara.<\/p>\n","protected":false},"featured_media":0,"comment_status":"open","ping_status":"closed","template":"","meta":[],"product_brand":[],"product_cat":[137],"product_tag":[],"class_list":{"0":"post-24957","1":"product","2":"type-product","3":"status-publish","5":"product_cat-maros-megyei-eletrajzi-lexikon","7":"first","8":"instock","9":"shipping-taxable","10":"product-type-simple"},"_links":{"self":[{"href":"https:\/\/uj.adatbank.ro\/lexikon\/wp-json\/wp\/v2\/product\/24957","targetHints":{"allow":["GET"]}}],"collection":[{"href":"https:\/\/uj.adatbank.ro\/lexikon\/wp-json\/wp\/v2\/product"}],"about":[{"href":"https:\/\/uj.adatbank.ro\/lexikon\/wp-json\/wp\/v2\/types\/product"}],"replies":[{"embeddable":true,"href":"https:\/\/uj.adatbank.ro\/lexikon\/wp-json\/wp\/v2\/comments?post=24957"}],"wp:attachment":[{"href":"https:\/\/uj.adatbank.ro\/lexikon\/wp-json\/wp\/v2\/media?parent=24957"}],"wp:term":[{"taxonomy":"product_brand","embeddable":true,"href":"https:\/\/uj.adatbank.ro\/lexikon\/wp-json\/wp\/v2\/product_brand?post=24957"},{"taxonomy":"product_cat","embeddable":true,"href":"https:\/\/uj.adatbank.ro\/lexikon\/wp-json\/wp\/v2\/product_cat?post=24957"},{"taxonomy":"product_tag","embeddable":true,"href":"https:\/\/uj.adatbank.ro\/lexikon\/wp-json\/wp\/v2\/product_tag?post=24957"}],"curies":[{"name":"wp","href":"https:\/\/api.w.org\/{rel}","templated":true}]}}