{"id":24961,"date":"2025-08-01T18:27:41","date_gmt":"2025-08-01T16:27:41","guid":{"rendered":"https:\/\/uj.adatbank.ro\/lexikon\/termek\/wusinszky-hajnal\/"},"modified":"2025-08-01T18:27:41","modified_gmt":"2025-08-01T16:27:41","slug":"wusinszky-hajnal","status":"publish","type":"product","link":"https:\/\/uj.adatbank.ro\/lexikon\/termek\/wusinszky-hajnal\/","title":{"rendered":"WUSINSZKY Hajnal"},"content":{"rendered":"<p>? \u2020 ?: sz\u00edn\u00e9sz. \u2013 A mv.-i Sz\u00e9kely Sz\u00ednh\u00e1z tagja (1946\u201351). \u2013 <strong>F. sz.:<\/strong>: Picolo (K\u00e1lm\u00e1n Imre: Cirkuszhercegn\u0151); Caroline (Paul Laurent: Szerelmes di\u00e1kok); Moln\u00e1r Ferenc: Liliom; Eszter (G. B. Shaw: Az \u00f6rd\u00f6g cimbor\u00e1ja); Gizi (F\u00e9nyes Szabolcs: V\u00e9n di\u00f3fa); Adrienne (Huszka Jen\u0151: G\u00fcl-Baba); R\u00f3za, szobal\u00e1ny (Schuber\u2013Bert\u00e9: H\u00e1rom a kisl\u00e1ny); Mici (F\u00e9nyes Szabolcs: Az utols\u00f3 Vereb\u00e9ly l\u00e1ny), Kitty (Carlo de Fries: Ilyenek a f\u00e9rfiak); Hel\u00e9n (A. L. Bisson: A n\u00e9vtelen asszony); \u00d6rd\u00f6g (Domby Imre: A s\u00e1t\u00e1nfi\u00f3ka); Abbotn\u00e9 (Sommerset Maugham: Fens\u00e9g, fizetek!); Iz\u00f3ra, szobal\u00e1ny (K\u00e1lm\u00e1n Imre: Az obsitos); Manci (Vaszary G\u00e1bor: Bubus); Kati, csel\u00e9d (Eisemann M.: Vadvir\u00e1g); Anneli, szolg\u00e1l\u00f3 (J. Knittel: Via Mala); Irmi (Komj\u00e1thy K\u00e1roly: Harap\u00f3s f\u00e9rj); Zsuzsi, csel\u00e9dl\u00e1ny (G\u00e1rdonyi G\u00e9za: A bor); Honney Terner (J. Gow\u2013A. D\u2019usseau: M\u00e9lyek a gy\u00f6kerek); M\u00e1sodik h\u00f6lgy (L\u00e1szl\u00f3 Mikl\u00f3s: Illatszert\u00e1r); Lili (Tomcsa S\u00e1ndor: Nagy dolog kicsiben); Mari (Herman Heyermans: Rem\u00e9ny); 4. le\u00e1ny (Szigligeti Ede: A csik\u00f3s); Taisza, szolg\u00e1l\u00f3 (M. Gorkij: Jegor Bulicsov \u00e9s a t\u00f6bbiek); Ana Rose, labor\u00e1nsn\u0151 (A. Grigulis: Agyag \u00e9s porcel\u00e1n); VII. munk\u00e1sn\u0151 (Szab\u00f3 Ern\u0151: Vid\u00e1m vak\u00e1ci\u00f3). <br \/><strong>\u2013 Irod.:<\/strong> Horv\u00e1th Bea; Kov\u00e1cs Levente.<\/br><\/p>\n","protected":false},"excerpt":{"rendered":"<p>? \u2020 ?: sz\u00edn\u00e9sz. \u2013 A mv.-i Sz\u00e9kely Sz\u00ednh\u00e1z tagja (1946\u201351). \u2013 F. sz.:: Picolo (K\u00e1lm\u00e1n Imre: Cirkuszhercegn\u0151); Caroline (Paul Laurent: Szerelmes di\u00e1kok); Moln\u00e1r Ferenc: Liliom; Eszter (G. B. Shaw: Az \u00f6rd\u00f6g cimbor\u00e1ja); Gizi (F\u00e9nyes Szabolcs: V\u00e9n di\u00f3fa); Adrienne (Huszka Jen\u0151: G\u00fcl-Baba); R\u00f3za, szobal\u00e1ny (Schuber\u2013Bert\u00e9: H\u00e1rom a kisl\u00e1ny); Mici (F\u00e9nyes Szabolcs: Az utols\u00f3 Vereb\u00e9ly l\u00e1ny), [&hellip;]<\/p>\n","protected":false},"featured_media":0,"comment_status":"open","ping_status":"closed","template":"","meta":[],"product_brand":[],"product_cat":[137],"product_tag":[],"class_list":{"0":"post-24961","1":"product","2":"type-product","3":"status-publish","5":"product_cat-maros-megyei-eletrajzi-lexikon","7":"first","8":"instock","9":"shipping-taxable","10":"product-type-simple"},"_links":{"self":[{"href":"https:\/\/uj.adatbank.ro\/lexikon\/wp-json\/wp\/v2\/product\/24961","targetHints":{"allow":["GET"]}}],"collection":[{"href":"https:\/\/uj.adatbank.ro\/lexikon\/wp-json\/wp\/v2\/product"}],"about":[{"href":"https:\/\/uj.adatbank.ro\/lexikon\/wp-json\/wp\/v2\/types\/product"}],"replies":[{"embeddable":true,"href":"https:\/\/uj.adatbank.ro\/lexikon\/wp-json\/wp\/v2\/comments?post=24961"}],"wp:attachment":[{"href":"https:\/\/uj.adatbank.ro\/lexikon\/wp-json\/wp\/v2\/media?parent=24961"}],"wp:term":[{"taxonomy":"product_brand","embeddable":true,"href":"https:\/\/uj.adatbank.ro\/lexikon\/wp-json\/wp\/v2\/product_brand?post=24961"},{"taxonomy":"product_cat","embeddable":true,"href":"https:\/\/uj.adatbank.ro\/lexikon\/wp-json\/wp\/v2\/product_cat?post=24961"},{"taxonomy":"product_tag","embeddable":true,"href":"https:\/\/uj.adatbank.ro\/lexikon\/wp-json\/wp\/v2\/product_tag?post=24961"}],"curies":[{"name":"wp","href":"https:\/\/api.w.org\/{rel}","templated":true}]}}