{"id":24963,"date":"2025-08-01T18:27:45","date_gmt":"2025-08-01T16:27:45","guid":{"rendered":"https:\/\/uj.adatbank.ro\/lexikon\/termek\/zabolai-ferenc-zabolai-finna-ferenc\/"},"modified":"2025-08-01T18:27:45","modified_gmt":"2025-08-01T16:27:45","slug":"zabolai-ferenc-zabolai-finna-ferenc","status":"publish","type":"product","link":"https:\/\/uj.adatbank.ro\/lexikon\/termek\/zabolai-ferenc-zabolai-finna-ferenc\/","title":{"rendered":"ZABOLAI Ferenc, Zabolai Finna Ferenc"},"content":{"rendered":"<p>? \u2020 ?: tan\u00edt\u00f3, ref. lelk\u00e9sz. \u2013 Mv.-en subscrib\u00e1lt (1722), Cs\u00e1v\u00e1son tan\u00edtott (1731), Mez\u0151b\u00e1ndon (1733\u201340) volt mester. Disznaj\u00f3n (1740\u201341), Magyarr\u00e9genben (1743), Maross\u00e1rpatakon (1744\u201345) \u00e9s G\u00f6rg\u00e9nyszentimr\u00e9n (1748\u201367) volt lelk\u00e9sz. <br \/><strong>\u2013 Irod.:<\/strong> K\u00fck\u00fcll\u0151i Ref. Egyh\u00e1zm. 1.; \u0150sz.<\/br><\/p>\n","protected":false},"excerpt":{"rendered":"<p>? \u2020 ?: tan\u00edt\u00f3, ref. lelk\u00e9sz. \u2013 Mv.-en subscrib\u00e1lt (1722), Cs\u00e1v\u00e1son tan\u00edtott (1731), Mez\u0151b\u00e1ndon (1733\u201340) volt mester. Disznaj\u00f3n (1740\u201341), Magyarr\u00e9genben (1743), Maross\u00e1rpatakon (1744\u201345) \u00e9s G\u00f6rg\u00e9nyszentimr\u00e9n (1748\u201367) volt lelk\u00e9sz. \u2013 Irod.: K\u00fck\u00fcll\u0151i Ref. Egyh\u00e1zm. 1.; \u0150sz.<\/p>\n","protected":false},"featured_media":0,"comment_status":"open","ping_status":"closed","template":"","meta":[],"product_brand":[],"product_cat":[137],"product_tag":[],"class_list":{"0":"post-24963","1":"product","2":"type-product","3":"status-publish","5":"product_cat-maros-megyei-eletrajzi-lexikon","7":"first","8":"instock","9":"shipping-taxable","10":"product-type-simple"},"_links":{"self":[{"href":"https:\/\/uj.adatbank.ro\/lexikon\/wp-json\/wp\/v2\/product\/24963","targetHints":{"allow":["GET"]}}],"collection":[{"href":"https:\/\/uj.adatbank.ro\/lexikon\/wp-json\/wp\/v2\/product"}],"about":[{"href":"https:\/\/uj.adatbank.ro\/lexikon\/wp-json\/wp\/v2\/types\/product"}],"replies":[{"embeddable":true,"href":"https:\/\/uj.adatbank.ro\/lexikon\/wp-json\/wp\/v2\/comments?post=24963"}],"wp:attachment":[{"href":"https:\/\/uj.adatbank.ro\/lexikon\/wp-json\/wp\/v2\/media?parent=24963"}],"wp:term":[{"taxonomy":"product_brand","embeddable":true,"href":"https:\/\/uj.adatbank.ro\/lexikon\/wp-json\/wp\/v2\/product_brand?post=24963"},{"taxonomy":"product_cat","embeddable":true,"href":"https:\/\/uj.adatbank.ro\/lexikon\/wp-json\/wp\/v2\/product_cat?post=24963"},{"taxonomy":"product_tag","embeddable":true,"href":"https:\/\/uj.adatbank.ro\/lexikon\/wp-json\/wp\/v2\/product_tag?post=24963"}],"curies":[{"name":"wp","href":"https:\/\/api.w.org\/{rel}","templated":true}]}}