{"id":24965,"date":"2025-08-01T18:27:50","date_gmt":"2025-08-01T16:27:50","guid":{"rendered":"https:\/\/uj.adatbank.ro\/lexikon\/termek\/zabolai-laszlo-zabolai-finna-laszlo-zabolai-f-laszlo\/"},"modified":"2025-08-01T18:27:50","modified_gmt":"2025-08-01T16:27:50","slug":"zabolai-laszlo-zabolai-finna-laszlo-zabolai-f-laszlo","status":"publish","type":"product","link":"https:\/\/uj.adatbank.ro\/lexikon\/termek\/zabolai-laszlo-zabolai-finna-laszlo-zabolai-f-laszlo\/","title":{"rendered":"ZABOLAI L\u00e1szl\u00f3, Zabolai Finna L\u00e1szl\u00f3, Zabolai F. L\u00e1szl\u00f3"},"content":{"rendered":"<p>1688., \u2020\u00a01773. szept.: ref. lelk\u00e9sz. \u2013 S\u00e1rospatak\u2013Gyulafeh\u00e9rv\u00e1ron subscrib\u00e1lt (1714). Gernyeszegen (1728, 1742\u201353), gr. ifj. Teleki S\u00e1ndor \u00f3haj\u00e1ra t\u00e1vozott Gernyeszegr\u0151l; Disznaj\u00f3n (1737), G\u00f6rg\u00e9nyszentimr\u00e9n (1741) \u00e9s P\u00f3kakereszt\u00faron hal\u00e1l\u00e1ig (1753\u201373) volt lelk\u00e9sz. <br \/><strong>\u2013 Irod.:<\/strong> B\u00f6jthe Andor; \u0150sz.<\/br><\/p>\n","protected":false},"excerpt":{"rendered":"<p>1688., \u2020\u00a01773. szept.: ref. lelk\u00e9sz. \u2013 S\u00e1rospatak\u2013Gyulafeh\u00e9rv\u00e1ron subscrib\u00e1lt (1714). Gernyeszegen (1728, 1742\u201353), gr. ifj. Teleki S\u00e1ndor \u00f3haj\u00e1ra t\u00e1vozott Gernyeszegr\u0151l; Disznaj\u00f3n (1737), G\u00f6rg\u00e9nyszentimr\u00e9n (1741) \u00e9s P\u00f3kakereszt\u00faron hal\u00e1l\u00e1ig (1753\u201373) volt lelk\u00e9sz. \u2013 Irod.: B\u00f6jthe Andor; \u0150sz.<\/p>\n","protected":false},"featured_media":0,"comment_status":"open","ping_status":"closed","template":"","meta":[],"product_brand":[],"product_cat":[137],"product_tag":[],"class_list":{"0":"post-24965","1":"product","2":"type-product","3":"status-publish","5":"product_cat-maros-megyei-eletrajzi-lexikon","7":"first","8":"instock","9":"shipping-taxable","10":"product-type-simple"},"_links":{"self":[{"href":"https:\/\/uj.adatbank.ro\/lexikon\/wp-json\/wp\/v2\/product\/24965","targetHints":{"allow":["GET"]}}],"collection":[{"href":"https:\/\/uj.adatbank.ro\/lexikon\/wp-json\/wp\/v2\/product"}],"about":[{"href":"https:\/\/uj.adatbank.ro\/lexikon\/wp-json\/wp\/v2\/types\/product"}],"replies":[{"embeddable":true,"href":"https:\/\/uj.adatbank.ro\/lexikon\/wp-json\/wp\/v2\/comments?post=24965"}],"wp:attachment":[{"href":"https:\/\/uj.adatbank.ro\/lexikon\/wp-json\/wp\/v2\/media?parent=24965"}],"wp:term":[{"taxonomy":"product_brand","embeddable":true,"href":"https:\/\/uj.adatbank.ro\/lexikon\/wp-json\/wp\/v2\/product_brand?post=24965"},{"taxonomy":"product_cat","embeddable":true,"href":"https:\/\/uj.adatbank.ro\/lexikon\/wp-json\/wp\/v2\/product_cat?post=24965"},{"taxonomy":"product_tag","embeddable":true,"href":"https:\/\/uj.adatbank.ro\/lexikon\/wp-json\/wp\/v2\/product_tag?post=24965"}],"curies":[{"name":"wp","href":"https:\/\/api.w.org\/{rel}","templated":true}]}}