{"id":24983,"date":"2025-08-01T18:28:34","date_gmt":"2025-08-01T16:28:34","guid":{"rendered":"https:\/\/uj.adatbank.ro\/lexikon\/termek\/zagoni-gabor-zagonyi\/"},"modified":"2025-08-01T18:28:34","modified_gmt":"2025-08-01T16:28:34","slug":"zagoni-gabor-zagonyi","status":"publish","type":"product","link":"https:\/\/uj.adatbank.ro\/lexikon\/termek\/zagoni-gabor-zagonyi\/","title":{"rendered":"Z\u00c1GONI G\u00e1bor, Z\u00e1gonyi"},"content":{"rendered":"<p>Sz\u00e9kelyudvarhely, 1725., \u2020 Mv., 1787. elej\u00e9n: orvosdoktor. \u2013 Apja Z. G\u00e1bor ref. lelk\u00e9sz volt Udvarhelyen. \u2013 B\u00e9csben orvosi tanulm\u00e1nyt v\u00e9gzett. Az utrechti egyetemen szerzett diplom\u00e1t (1764) \u00e9s ott avatt\u00e1k doktorr\u00e1. Hazat\u00e9r\u00e9se ut\u00e1n (1760 k) Gy\u00e9resszentkir\u00e1lyon Thoroczkai Simon h\u00e1ziorvosa. Mv.-re k\u00f6lt\u00f6z\u00f6tt (1779). Az els\u0151 Mv.-en tev\u00e9kenyked\u0151 orvosok egyike. Thoroczkai Zsigmond gr., Teleki J\u00f3zsef gr. \u00e9s Teleki L\u00e1szl\u00f3 gr. h\u00e1ziorvosa volt. Mv.-en polg\u00e1ri h\u00e1zzal rendelkez\u0151, nemess\u00e9get nyert, polg\u00e1ri esk\u00fct tett orvos volt. (1772. febr. 22.). F\u0151k\u00e9nt tudom\u00e1nyos tev\u00e9kenys\u00e9g\u00e9r\u0151l h\u00edres. A r\u00e9gi\u00f3 f\u00fcrd\u0151inek gy\u00f3gy\u00edt\u00f3 hat\u00e1s\u00e1t kutatta. Herkulesf\u00fcrd\u0151 gy\u00f3gyvizeinek elemz\u00e9s\u00e9t v\u00e9gezte el (1772). K\u00e9s\u0151bb a szil\u00e1gyzov\u00e1nyi f\u00fcrd\u0151r\u0151l sz\u00f3l\u00f3 eredm\u00e9nyeit is felterjesztette B\u00e9csbe. Az Ungar \u2013 Nachrichten 1787. 7. sz. szerint Mv.-en volt egy Z\u00e1gony G\u00e1bor nev\u0171 orvos, aki ott 1787 elej\u00e9n halt meg. V\u00e9grendelete szerint a k\u00f6nyveit a Ref. Koll\u00e9giumra hagyta, a p\u00e9nz\u00e9t a nagyenyedi, v\u00e1s\u00e1rhelyi \u00e9s udvarhelyi koll\u00e9gium kapta. \u2013  <strong>F. m..:<\/strong> Dissertatio inauguralis medica de inventis huius saeculi in arte salutari novis, partim ex anatomia partim ex chemia ex materia medica ac denique ex praxi. (Traiecti ad Rhenum, 1764.); Ritka virtusokkal f\u00e9nylett; de m\u00e1r eleny\u00e9szett, n\u00e9hai&#8230; gr\u00f3f Sz\u00e9ki Teleki Eszter asszonynak&#8230; gr\u00f3f Torotzk\u00f3i \u00e9s Szent-Gy\u00f6rgyi Torotzkai Zsigmond \u00far kedves \u00e9lete p\u00e1rj\u00e1nak hal\u00e1l\u00e1n val\u00f3 keserg\u00e9s, mellyben&#8230; b\u00e1natty\u00e1t le rajzolta&#8230; A n\u00e9hai \u00e1ldott eml\u00e9kezet\u0171 asszony rendes nyavaly\u00e1inak&#8230; 13 esztend\u0151k alatt szerencs\u00e9tlen szeml\u00e9l\u0151je \u00e9s val\u00f3s\u00e1gos r\u00e9szese. Gy\u00e1szversek (Kv., 1779); Fab\u00f3 Andr\u00e1s (Adal\u00e9kok Czvittingerhez) eml\u00edti, hogy egy Z\u00e1goni G\u00e1bor k\u00e9t \u00e9rtekez\u00e9st \u00edrt s az egyiket jan. 23., a m\u00e1sikat jan. 26. 1726-ban Utrajectumban v\u00e9dte, melyeknek t\u00e1rgya: \u201eDissertatio Theologica prima &#038; secunda de Vaticinium Psalm. II. 6. de regis salutis in Sionem uncto ad dies 28 &#038; 26. Januarii, Trajecto ad An. 1726.\u201d Hor\u00e1nyi pedig az el\u0151bb eml\u00edtett Zagonyi G\u00e1bor \u00e9letrajz\u00e1hoz m\u00e9g a k\u00f6vetkez\u0151ket csatolja: \u201eLeguntur praeterea observationes Chemicae, in aquis Soteriis institutae, quas lege apud doctissimum &#038; celeberrimum Cranzium.\u201d Ezen ut\u00f3bbi k\u00e9t esetben id\u0151sb \u00e9s ifjabb Z.-r\u00f3l lehetne csak sz\u00f3. <br \/><strong>\u2013 Irod.:<\/strong> Chiorean 2008; Fodor Ferenc 2000; Hor\u00e1nyi; Id\u0151t\u00e1r 1; Kiss\u2013K\u00e1lm\u00e1n\u2013Bierbrunner; Kiss\u2013P\u00e9terffy\u2013P\u00e9terffy; Orb\u00e1n J\u00e1nos: T\u00e1blab\u00edr\u00e1k, f\u0151nemesek, pall\u00e9rok \u00e9s h\u00e1zak: V\u00e1rosk\u00e9p \u00e9s t\u00e1rsadalom v\u00e1ltoz\u00e1sai Mv.-en a Kir\u00e1lyi T\u00e1bla bek\u00f6lt\u00f6z\u00e9se ut\u00e1n [1754] = K\u00f6nyvek \u00e1ltal\u2026; P\u00e1l-Antal 2009; P\u00e1l Antal S\u00e1ndor: K\u00f6zeg\u00e9szs\u00e9g\u00fcgy \u00e9s szoci\u00e1lis gondoskod\u00e1s a 18\u201319. sz\u00e1zadi Mv.-en (N\u00fa., Sz\u00ednes Vil\u00e1g, 2010. m\u00e1j. 29.); P\u00e1l-Antal 2023; Pataki; RMK III\/18. sz.; Rugonfalvi Kiss; Szinnyei; Todea.<\/br><\/p>\n","protected":false},"excerpt":{"rendered":"<p>Sz\u00e9kelyudvarhely, 1725., \u2020 Mv., 1787. elej\u00e9n: orvosdoktor. \u2013 Apja Z. G\u00e1bor ref. lelk\u00e9sz volt Udvarhelyen. \u2013 B\u00e9csben orvosi tanulm\u00e1nyt v\u00e9gzett. Az utrechti egyetemen szerzett diplom\u00e1t (1764) \u00e9s ott avatt\u00e1k doktorr\u00e1. Hazat\u00e9r\u00e9se ut\u00e1n (1760 k) Gy\u00e9resszentkir\u00e1lyon Thoroczkai Simon h\u00e1ziorvosa. Mv.-re k\u00f6lt\u00f6z\u00f6tt (1779). Az els\u0151 Mv.-en tev\u00e9kenyked\u0151 orvosok egyike. Thoroczkai Zsigmond gr., Teleki J\u00f3zsef gr. \u00e9s Teleki [&hellip;]<\/p>\n","protected":false},"featured_media":0,"comment_status":"open","ping_status":"closed","template":"","meta":[],"product_brand":[],"product_cat":[137],"product_tag":[],"class_list":{"0":"post-24983","1":"product","2":"type-product","3":"status-publish","5":"product_cat-maros-megyei-eletrajzi-lexikon","7":"first","8":"instock","9":"shipping-taxable","10":"product-type-simple"},"_links":{"self":[{"href":"https:\/\/uj.adatbank.ro\/lexikon\/wp-json\/wp\/v2\/product\/24983","targetHints":{"allow":["GET"]}}],"collection":[{"href":"https:\/\/uj.adatbank.ro\/lexikon\/wp-json\/wp\/v2\/product"}],"about":[{"href":"https:\/\/uj.adatbank.ro\/lexikon\/wp-json\/wp\/v2\/types\/product"}],"replies":[{"embeddable":true,"href":"https:\/\/uj.adatbank.ro\/lexikon\/wp-json\/wp\/v2\/comments?post=24983"}],"wp:attachment":[{"href":"https:\/\/uj.adatbank.ro\/lexikon\/wp-json\/wp\/v2\/media?parent=24983"}],"wp:term":[{"taxonomy":"product_brand","embeddable":true,"href":"https:\/\/uj.adatbank.ro\/lexikon\/wp-json\/wp\/v2\/product_brand?post=24983"},{"taxonomy":"product_cat","embeddable":true,"href":"https:\/\/uj.adatbank.ro\/lexikon\/wp-json\/wp\/v2\/product_cat?post=24983"},{"taxonomy":"product_tag","embeddable":true,"href":"https:\/\/uj.adatbank.ro\/lexikon\/wp-json\/wp\/v2\/product_tag?post=24983"}],"curies":[{"name":"wp","href":"https:\/\/api.w.org\/{rel}","templated":true}]}}