{"id":24989,"date":"2025-08-01T18:28:49","date_gmt":"2025-08-01T16:28:49","guid":{"rendered":"https:\/\/uj.adatbank.ro\/lexikon\/termek\/zagoni-samuel\/"},"modified":"2025-08-01T18:28:49","modified_gmt":"2025-08-01T16:28:49","slug":"zagoni-samuel","status":"publish","type":"product","link":"https:\/\/uj.adatbank.ro\/lexikon\/termek\/zagoni-samuel\/","title":{"rendered":"Z\u00c1GONI S\u00e1muel"},"content":{"rendered":"<p>? \u2020\u00a0?: ref. lelk\u00e9sz. \u2013 Nagyenyeden tanult (1718), majd k\u00fclf\u00f6ldi egyetemeken tanult. Lelk\u00e9sz volt Mez\u0151fel\u00e9ben, Kebeleszentiv\u00e1nyon. Sz\u00e9kelykakasdon szolg\u00e1lt (1721 \u00e9s 1745\u201347). K\u00f6zben volt par\u00f3ki\u00e1ja Sz\u00e9kelytomp\u00e1n, Sz\u00e9kesen, Hagym\u00e1sbodonban. <br \/><strong>\u2013 Irod.:<\/strong> Sz\u00e9kelykakasd; Id\u0151t\u00e1r 4.<\/br><\/p>\n","protected":false},"excerpt":{"rendered":"<p>? \u2020\u00a0?: ref. lelk\u00e9sz. \u2013 Nagyenyeden tanult (1718), majd k\u00fclf\u00f6ldi egyetemeken tanult. Lelk\u00e9sz volt Mez\u0151fel\u00e9ben, Kebeleszentiv\u00e1nyon. Sz\u00e9kelykakasdon szolg\u00e1lt (1721 \u00e9s 1745\u201347). K\u00f6zben volt par\u00f3ki\u00e1ja Sz\u00e9kelytomp\u00e1n, Sz\u00e9kesen, Hagym\u00e1sbodonban. \u2013 Irod.: Sz\u00e9kelykakasd; Id\u0151t\u00e1r 4.<\/p>\n","protected":false},"featured_media":0,"comment_status":"open","ping_status":"closed","template":"","meta":[],"product_brand":[],"product_cat":[137],"product_tag":[],"class_list":{"0":"post-24989","1":"product","2":"type-product","3":"status-publish","5":"product_cat-maros-megyei-eletrajzi-lexikon","7":"first","8":"instock","9":"shipping-taxable","10":"product-type-simple"},"_links":{"self":[{"href":"https:\/\/uj.adatbank.ro\/lexikon\/wp-json\/wp\/v2\/product\/24989","targetHints":{"allow":["GET"]}}],"collection":[{"href":"https:\/\/uj.adatbank.ro\/lexikon\/wp-json\/wp\/v2\/product"}],"about":[{"href":"https:\/\/uj.adatbank.ro\/lexikon\/wp-json\/wp\/v2\/types\/product"}],"replies":[{"embeddable":true,"href":"https:\/\/uj.adatbank.ro\/lexikon\/wp-json\/wp\/v2\/comments?post=24989"}],"wp:attachment":[{"href":"https:\/\/uj.adatbank.ro\/lexikon\/wp-json\/wp\/v2\/media?parent=24989"}],"wp:term":[{"taxonomy":"product_brand","embeddable":true,"href":"https:\/\/uj.adatbank.ro\/lexikon\/wp-json\/wp\/v2\/product_brand?post=24989"},{"taxonomy":"product_cat","embeddable":true,"href":"https:\/\/uj.adatbank.ro\/lexikon\/wp-json\/wp\/v2\/product_cat?post=24989"},{"taxonomy":"product_tag","embeddable":true,"href":"https:\/\/uj.adatbank.ro\/lexikon\/wp-json\/wp\/v2\/product_tag?post=24989"}],"curies":[{"name":"wp","href":"https:\/\/api.w.org\/{rel}","templated":true}]}}