{"id":24990,"date":"2025-08-01T18:28:51","date_gmt":"2025-08-01T16:28:51","guid":{"rendered":"https:\/\/uj.adatbank.ro\/lexikon\/termek\/zagoni-samuel-2\/"},"modified":"2025-08-01T18:28:51","modified_gmt":"2025-08-01T16:28:51","slug":"zagoni-samuel-2","status":"publish","type":"product","link":"https:\/\/uj.adatbank.ro\/lexikon\/termek\/zagoni-samuel-2\/","title":{"rendered":"Z\u00c1GONI S\u00e1muel"},"content":{"rendered":"<p>? \u2020\u00a0?: ref. lelk\u00e9sz. \u2013 Nagyenyeden subscrib\u00e1lt (1764). A marosv\u00e9csi zsinaton ordin\u00e1lt\u00e1k (1773). Harangl\u00e1bon szolg\u00e1lt (1773\u201375) \u00e9s Sz\u00e9kelykakasdon (1745\u201347). <br \/><strong>\u2013 Irod.:<\/strong> K\u00fck\u00fcll\u0151i Ref. Egyh\u00e1zm. 2.; Sz\u00e9kelykakasd.<\/br><\/p>\n","protected":false},"excerpt":{"rendered":"<p>? \u2020\u00a0?: ref. lelk\u00e9sz. \u2013 Nagyenyeden subscrib\u00e1lt (1764). A marosv\u00e9csi zsinaton ordin\u00e1lt\u00e1k (1773). Harangl\u00e1bon szolg\u00e1lt (1773\u201375) \u00e9s Sz\u00e9kelykakasdon (1745\u201347). \u2013 Irod.: K\u00fck\u00fcll\u0151i Ref. Egyh\u00e1zm. 2.; Sz\u00e9kelykakasd.<\/p>\n","protected":false},"featured_media":0,"comment_status":"open","ping_status":"closed","template":"","meta":[],"product_brand":[],"product_cat":[137],"product_tag":[],"class_list":{"0":"post-24990","1":"product","2":"type-product","3":"status-publish","5":"product_cat-maros-megyei-eletrajzi-lexikon","7":"first","8":"instock","9":"shipping-taxable","10":"product-type-simple"},"_links":{"self":[{"href":"https:\/\/uj.adatbank.ro\/lexikon\/wp-json\/wp\/v2\/product\/24990","targetHints":{"allow":["GET"]}}],"collection":[{"href":"https:\/\/uj.adatbank.ro\/lexikon\/wp-json\/wp\/v2\/product"}],"about":[{"href":"https:\/\/uj.adatbank.ro\/lexikon\/wp-json\/wp\/v2\/types\/product"}],"replies":[{"embeddable":true,"href":"https:\/\/uj.adatbank.ro\/lexikon\/wp-json\/wp\/v2\/comments?post=24990"}],"wp:attachment":[{"href":"https:\/\/uj.adatbank.ro\/lexikon\/wp-json\/wp\/v2\/media?parent=24990"}],"wp:term":[{"taxonomy":"product_brand","embeddable":true,"href":"https:\/\/uj.adatbank.ro\/lexikon\/wp-json\/wp\/v2\/product_brand?post=24990"},{"taxonomy":"product_cat","embeddable":true,"href":"https:\/\/uj.adatbank.ro\/lexikon\/wp-json\/wp\/v2\/product_cat?post=24990"},{"taxonomy":"product_tag","embeddable":true,"href":"https:\/\/uj.adatbank.ro\/lexikon\/wp-json\/wp\/v2\/product_tag?post=24990"}],"curies":[{"name":"wp","href":"https:\/\/api.w.org\/{rel}","templated":true}]}}