{"id":24993,"date":"2025-08-01T18:28:58","date_gmt":"2025-08-01T16:28:58","guid":{"rendered":"https:\/\/uj.adatbank.ro\/lexikon\/termek\/zagoni-saska-balazs\/"},"modified":"2025-08-01T18:28:58","modified_gmt":"2025-08-01T16:28:58","slug":"zagoni-saska-balazs","status":"publish","type":"product","link":"https:\/\/uj.adatbank.ro\/lexikon\/termek\/zagoni-saska-balazs\/","title":{"rendered":"Z\u00c1GONI S\u00c1SKA Bal\u00e1zs"},"content":{"rendered":"<p>? \u2020\u00a0?: ref. lelk\u00e9sz. \u2013 Balav\u00e1s\u00e1ron volt lelk\u00e9sz (1659\u201371), majd S\u00f6v\u00e9nyfalv\u00e1n szolg\u00e1lt (1677\u201378) \u00e9s \u00fajb\u00f3l Balav\u00e1s\u00e1ron (1681\u201382). <br \/><strong>\u2013 Irod.:<\/strong> K\u00fck\u00fcll\u0151i Ref. Egyh\u00e1zm. 1., 4.<\/br><\/p>\n","protected":false},"excerpt":{"rendered":"<p>? \u2020\u00a0?: ref. lelk\u00e9sz. \u2013 Balav\u00e1s\u00e1ron volt lelk\u00e9sz (1659\u201371), majd S\u00f6v\u00e9nyfalv\u00e1n szolg\u00e1lt (1677\u201378) \u00e9s \u00fajb\u00f3l Balav\u00e1s\u00e1ron (1681\u201382). \u2013 Irod.: K\u00fck\u00fcll\u0151i Ref. Egyh\u00e1zm. 1., 4.<\/p>\n","protected":false},"featured_media":0,"comment_status":"open","ping_status":"closed","template":"","meta":[],"product_brand":[],"product_cat":[137],"product_tag":[],"class_list":{"0":"post-24993","1":"product","2":"type-product","3":"status-publish","5":"product_cat-maros-megyei-eletrajzi-lexikon","7":"first","8":"instock","9":"shipping-taxable","10":"product-type-simple"},"_links":{"self":[{"href":"https:\/\/uj.adatbank.ro\/lexikon\/wp-json\/wp\/v2\/product\/24993","targetHints":{"allow":["GET"]}}],"collection":[{"href":"https:\/\/uj.adatbank.ro\/lexikon\/wp-json\/wp\/v2\/product"}],"about":[{"href":"https:\/\/uj.adatbank.ro\/lexikon\/wp-json\/wp\/v2\/types\/product"}],"replies":[{"embeddable":true,"href":"https:\/\/uj.adatbank.ro\/lexikon\/wp-json\/wp\/v2\/comments?post=24993"}],"wp:attachment":[{"href":"https:\/\/uj.adatbank.ro\/lexikon\/wp-json\/wp\/v2\/media?parent=24993"}],"wp:term":[{"taxonomy":"product_brand","embeddable":true,"href":"https:\/\/uj.adatbank.ro\/lexikon\/wp-json\/wp\/v2\/product_brand?post=24993"},{"taxonomy":"product_cat","embeddable":true,"href":"https:\/\/uj.adatbank.ro\/lexikon\/wp-json\/wp\/v2\/product_cat?post=24993"},{"taxonomy":"product_tag","embeddable":true,"href":"https:\/\/uj.adatbank.ro\/lexikon\/wp-json\/wp\/v2\/product_tag?post=24993"}],"curies":[{"name":"wp","href":"https:\/\/api.w.org\/{rel}","templated":true}]}}