{"id":24995,"date":"2025-08-01T18:29:01","date_gmt":"2025-08-01T16:29:01","guid":{"rendered":"https:\/\/uj.adatbank.ro\/lexikon\/termek\/zagoni-szabo-lili\/"},"modified":"2025-08-01T18:29:01","modified_gmt":"2025-08-01T16:29:01","slug":"zagoni-szabo-lili","status":"publish","type":"product","link":"https:\/\/uj.adatbank.ro\/lexikon\/termek\/zagoni-szabo-lili\/","title":{"rendered":"Z\u00c1GONI SZAB\u00d3 Lili"},"content":{"rendered":"<p>Sz\u00e1szr\u00e9gen, 1900., \u2020\u00a0?: fest\u0151. <br \/><strong>\u2013 Irod.:<\/strong> Ciupe, Aurel: Catalogul Pinacotecii Municipiului Tg. M. (Tg. M., 1934, 1939).<\/br><\/p>\n","protected":false},"excerpt":{"rendered":"<p>Sz\u00e1szr\u00e9gen, 1900., \u2020\u00a0?: fest\u0151. \u2013 Irod.: Ciupe, Aurel: Catalogul Pinacotecii Municipiului Tg. M. (Tg. M., 1934, 1939).<\/p>\n","protected":false},"featured_media":0,"comment_status":"open","ping_status":"closed","template":"","meta":[],"product_brand":[],"product_cat":[137],"product_tag":[],"class_list":{"0":"post-24995","1":"product","2":"type-product","3":"status-publish","5":"product_cat-maros-megyei-eletrajzi-lexikon","7":"first","8":"instock","9":"shipping-taxable","10":"product-type-simple"},"_links":{"self":[{"href":"https:\/\/uj.adatbank.ro\/lexikon\/wp-json\/wp\/v2\/product\/24995","targetHints":{"allow":["GET"]}}],"collection":[{"href":"https:\/\/uj.adatbank.ro\/lexikon\/wp-json\/wp\/v2\/product"}],"about":[{"href":"https:\/\/uj.adatbank.ro\/lexikon\/wp-json\/wp\/v2\/types\/product"}],"replies":[{"embeddable":true,"href":"https:\/\/uj.adatbank.ro\/lexikon\/wp-json\/wp\/v2\/comments?post=24995"}],"wp:attachment":[{"href":"https:\/\/uj.adatbank.ro\/lexikon\/wp-json\/wp\/v2\/media?parent=24995"}],"wp:term":[{"taxonomy":"product_brand","embeddable":true,"href":"https:\/\/uj.adatbank.ro\/lexikon\/wp-json\/wp\/v2\/product_brand?post=24995"},{"taxonomy":"product_cat","embeddable":true,"href":"https:\/\/uj.adatbank.ro\/lexikon\/wp-json\/wp\/v2\/product_cat?post=24995"},{"taxonomy":"product_tag","embeddable":true,"href":"https:\/\/uj.adatbank.ro\/lexikon\/wp-json\/wp\/v2\/product_tag?post=24995"}],"curies":[{"name":"wp","href":"https:\/\/api.w.org\/{rel}","templated":true}]}}