{"id":24998,"date":"2025-08-01T18:29:09","date_gmt":"2025-08-01T16:29:09","guid":{"rendered":"https:\/\/uj.adatbank.ro\/lexikon\/termek\/zahan-simeon\/"},"modified":"2025-08-01T18:29:09","modified_gmt":"2025-08-01T16:29:09","slug":"zahan-simeon","status":"publish","type":"product","link":"https:\/\/uj.adatbank.ro\/lexikon\/termek\/zahan-simeon\/","title":{"rendered":"ZAHAN, Simeon"},"content":{"rendered":"<p>? \u2020 ?: g. kat. pap. \u2013 K\u00e1sv\u00e1ban (1906\u2013 ?) szolg\u00e1lata idej\u00e9ben \u00e9p\u00fclt a faluban a pl\u00e9b\u00e1nia \u00e9p\u00fclete, amelyet a m\u00e1r meglev\u0151 (1760\u2013) g. kat. fatemplom mell\u00e9 \u00e1ll\u00edtottak (1911). <br \/><strong>\u2013 Irod.:<\/strong> Reghin, Protopopiat.<\/br><\/p>\n","protected":false},"excerpt":{"rendered":"<p>? \u2020 ?: g. kat. pap. \u2013 K\u00e1sv\u00e1ban (1906\u2013 ?) szolg\u00e1lata idej\u00e9ben \u00e9p\u00fclt a faluban a pl\u00e9b\u00e1nia \u00e9p\u00fclete, amelyet a m\u00e1r meglev\u0151 (1760\u2013) g. kat. fatemplom mell\u00e9 \u00e1ll\u00edtottak (1911). \u2013 Irod.: Reghin, Protopopiat.<\/p>\n","protected":false},"featured_media":0,"comment_status":"open","ping_status":"closed","template":"","meta":[],"product_brand":[],"product_cat":[137],"product_tag":[],"class_list":{"0":"post-24998","1":"product","2":"type-product","3":"status-publish","5":"product_cat-maros-megyei-eletrajzi-lexikon","7":"first","8":"instock","9":"shipping-taxable","10":"product-type-simple"},"_links":{"self":[{"href":"https:\/\/uj.adatbank.ro\/lexikon\/wp-json\/wp\/v2\/product\/24998","targetHints":{"allow":["GET"]}}],"collection":[{"href":"https:\/\/uj.adatbank.ro\/lexikon\/wp-json\/wp\/v2\/product"}],"about":[{"href":"https:\/\/uj.adatbank.ro\/lexikon\/wp-json\/wp\/v2\/types\/product"}],"replies":[{"embeddable":true,"href":"https:\/\/uj.adatbank.ro\/lexikon\/wp-json\/wp\/v2\/comments?post=24998"}],"wp:attachment":[{"href":"https:\/\/uj.adatbank.ro\/lexikon\/wp-json\/wp\/v2\/media?parent=24998"}],"wp:term":[{"taxonomy":"product_brand","embeddable":true,"href":"https:\/\/uj.adatbank.ro\/lexikon\/wp-json\/wp\/v2\/product_brand?post=24998"},{"taxonomy":"product_cat","embeddable":true,"href":"https:\/\/uj.adatbank.ro\/lexikon\/wp-json\/wp\/v2\/product_cat?post=24998"},{"taxonomy":"product_tag","embeddable":true,"href":"https:\/\/uj.adatbank.ro\/lexikon\/wp-json\/wp\/v2\/product_tag?post=24998"}],"curies":[{"name":"wp","href":"https:\/\/api.w.org\/{rel}","templated":true}]}}