{"id":25001,"date":"2025-08-01T18:29:14","date_gmt":"2025-08-01T16:29:14","guid":{"rendered":"https:\/\/uj.adatbank.ro\/lexikon\/termek\/zaharie-partenie-ioan\/"},"modified":"2025-08-01T18:29:14","modified_gmt":"2025-08-01T16:29:14","slug":"zaharie-partenie-ioan","status":"publish","type":"product","link":"https:\/\/uj.adatbank.ro\/lexikon\/termek\/zaharie-partenie-ioan\/","title":{"rendered":"ZAHARIE, Partenie Ioan"},"content":{"rendered":"<p>Marosoroszfalu, 1925. j\u00fal. 27. \u2020 ?: katona. \u2013 Munkaszolg\u00e1latot teljes\u00edtett a m. hadsereg k\u00f6tel\u00e9k\u00e9ben 27. ezred\u00e9ben. R\u00e9szt vett a II. vh. harcaiban (1944. febr. 3. \u2013 okt. 13.). <br \/><strong>\u2013 Irod.:<\/strong> Reghin, militari.<\/br><\/p>\n","protected":false},"excerpt":{"rendered":"<p>Marosoroszfalu, 1925. j\u00fal. 27. \u2020 ?: katona. \u2013 Munkaszolg\u00e1latot teljes\u00edtett a m. hadsereg k\u00f6tel\u00e9k\u00e9ben 27. ezred\u00e9ben. R\u00e9szt vett a II. vh. harcaiban (1944. febr. 3. \u2013 okt. 13.). \u2013 Irod.: Reghin, militari.<\/p>\n","protected":false},"featured_media":0,"comment_status":"open","ping_status":"closed","template":"","meta":[],"product_brand":[],"product_cat":[137],"product_tag":[],"class_list":{"0":"post-25001","1":"product","2":"type-product","3":"status-publish","5":"product_cat-maros-megyei-eletrajzi-lexikon","7":"first","8":"instock","9":"shipping-taxable","10":"product-type-simple"},"_links":{"self":[{"href":"https:\/\/uj.adatbank.ro\/lexikon\/wp-json\/wp\/v2\/product\/25001","targetHints":{"allow":["GET"]}}],"collection":[{"href":"https:\/\/uj.adatbank.ro\/lexikon\/wp-json\/wp\/v2\/product"}],"about":[{"href":"https:\/\/uj.adatbank.ro\/lexikon\/wp-json\/wp\/v2\/types\/product"}],"replies":[{"embeddable":true,"href":"https:\/\/uj.adatbank.ro\/lexikon\/wp-json\/wp\/v2\/comments?post=25001"}],"wp:attachment":[{"href":"https:\/\/uj.adatbank.ro\/lexikon\/wp-json\/wp\/v2\/media?parent=25001"}],"wp:term":[{"taxonomy":"product_brand","embeddable":true,"href":"https:\/\/uj.adatbank.ro\/lexikon\/wp-json\/wp\/v2\/product_brand?post=25001"},{"taxonomy":"product_cat","embeddable":true,"href":"https:\/\/uj.adatbank.ro\/lexikon\/wp-json\/wp\/v2\/product_cat?post=25001"},{"taxonomy":"product_tag","embeddable":true,"href":"https:\/\/uj.adatbank.ro\/lexikon\/wp-json\/wp\/v2\/product_tag?post=25001"}],"curies":[{"name":"wp","href":"https:\/\/api.w.org\/{rel}","templated":true}]}}