{"id":25003,"date":"2025-08-01T18:29:19","date_gmt":"2025-08-01T16:29:19","guid":{"rendered":"https:\/\/uj.adatbank.ro\/lexikon\/termek\/zahavi-goldstein-cvi-jekutiel\/"},"modified":"2025-08-01T18:29:19","modified_gmt":"2025-08-01T16:29:19","slug":"zahavi-goldstein-cvi-jekutiel","status":"publish","type":"product","link":"https:\/\/uj.adatbank.ro\/lexikon\/termek\/zahavi-goldstein-cvi-jekutiel\/","title":{"rendered":"ZAH\u00c1VI GOLDSTEIN Cvi Jekutiel"},"content":{"rendered":"<p>Erd\u0151szentgy\u00f6rgy, ? \u2020\u00a0?: t\u00f6rt\u00e9n\u00e9sz. \u2013 Mv. nevelkedett. T\u00f6rt\u00e9n\u00e9sz dr., m.\u2013zsid\u00f3 nemzeti mozgalom kutat\u00f3ja. <br \/><strong>\u2013 Irod.:<\/strong> Mv. zsid\u00f3s\u00e1ga.<\/br><\/p>\n","protected":false},"excerpt":{"rendered":"<p>Erd\u0151szentgy\u00f6rgy, ? \u2020\u00a0?: t\u00f6rt\u00e9n\u00e9sz. \u2013 Mv. nevelkedett. T\u00f6rt\u00e9n\u00e9sz dr., m.\u2013zsid\u00f3 nemzeti mozgalom kutat\u00f3ja. \u2013 Irod.: Mv. zsid\u00f3s\u00e1ga.<\/p>\n","protected":false},"featured_media":0,"comment_status":"open","ping_status":"closed","template":"","meta":[],"product_brand":[],"product_cat":[137],"product_tag":[],"class_list":{"0":"post-25003","1":"product","2":"type-product","3":"status-publish","5":"product_cat-maros-megyei-eletrajzi-lexikon","7":"first","8":"instock","9":"shipping-taxable","10":"product-type-simple"},"_links":{"self":[{"href":"https:\/\/uj.adatbank.ro\/lexikon\/wp-json\/wp\/v2\/product\/25003","targetHints":{"allow":["GET"]}}],"collection":[{"href":"https:\/\/uj.adatbank.ro\/lexikon\/wp-json\/wp\/v2\/product"}],"about":[{"href":"https:\/\/uj.adatbank.ro\/lexikon\/wp-json\/wp\/v2\/types\/product"}],"replies":[{"embeddable":true,"href":"https:\/\/uj.adatbank.ro\/lexikon\/wp-json\/wp\/v2\/comments?post=25003"}],"wp:attachment":[{"href":"https:\/\/uj.adatbank.ro\/lexikon\/wp-json\/wp\/v2\/media?parent=25003"}],"wp:term":[{"taxonomy":"product_brand","embeddable":true,"href":"https:\/\/uj.adatbank.ro\/lexikon\/wp-json\/wp\/v2\/product_brand?post=25003"},{"taxonomy":"product_cat","embeddable":true,"href":"https:\/\/uj.adatbank.ro\/lexikon\/wp-json\/wp\/v2\/product_cat?post=25003"},{"taxonomy":"product_tag","embeddable":true,"href":"https:\/\/uj.adatbank.ro\/lexikon\/wp-json\/wp\/v2\/product_tag?post=25003"}],"curies":[{"name":"wp","href":"https:\/\/api.w.org\/{rel}","templated":true}]}}