{"id":25004,"date":"2025-08-01T18:29:20","date_gmt":"2025-08-01T16:29:20","guid":{"rendered":"https:\/\/uj.adatbank.ro\/lexikon\/termek\/zaicsics-gyorgy-zaicsich-gregorius\/"},"modified":"2025-08-01T18:29:20","modified_gmt":"2025-08-01T16:29:20","slug":"zaicsics-gyorgy-zaicsich-gregorius","status":"publish","type":"product","link":"https:\/\/uj.adatbank.ro\/lexikon\/termek\/zaicsics-gyorgy-zaicsich-gregorius\/","title":{"rendered":"ZAICSICS Gy\u00f6rgy; Zaicsich Gregorius"},"content":{"rendered":"<p>Pandorffen, 1671. \u00e1pr., \u2020\u00a0?: Jezsuita hitsz\u00f3nok, tan\u00e1r. \u2013 A trencs\u00e9nyi jezsuita gimn.-ban volt nov\u00edcius (1688\u2013). A mv.-i r\u00f3mai katolikus altanoda \u00e9s nevelde igazgat\u00f3ja (1714). <br \/><strong>\u2013 Irod.:<\/strong> Id\u0151t\u00e1r 1; Jezsuita \u00e9vk.; Kr\u00f3n. F\u00fcz. (1940, 4\/10); Mv.-i R.K. okt.<\/br><\/p>\n","protected":false},"excerpt":{"rendered":"<p>Pandorffen, 1671. \u00e1pr., \u2020\u00a0?: Jezsuita hitsz\u00f3nok, tan\u00e1r. \u2013 A trencs\u00e9nyi jezsuita gimn.-ban volt nov\u00edcius (1688\u2013). A mv.-i r\u00f3mai katolikus altanoda \u00e9s nevelde igazgat\u00f3ja (1714). \u2013 Irod.: Id\u0151t\u00e1r 1; Jezsuita \u00e9vk.; Kr\u00f3n. F\u00fcz. (1940, 4\/10); Mv.-i R.K. okt.<\/p>\n","protected":false},"featured_media":0,"comment_status":"open","ping_status":"closed","template":"","meta":[],"product_brand":[],"product_cat":[137],"product_tag":[],"class_list":{"0":"post-25004","1":"product","2":"type-product","3":"status-publish","5":"product_cat-maros-megyei-eletrajzi-lexikon","7":"first","8":"instock","9":"shipping-taxable","10":"product-type-simple"},"_links":{"self":[{"href":"https:\/\/uj.adatbank.ro\/lexikon\/wp-json\/wp\/v2\/product\/25004","targetHints":{"allow":["GET"]}}],"collection":[{"href":"https:\/\/uj.adatbank.ro\/lexikon\/wp-json\/wp\/v2\/product"}],"about":[{"href":"https:\/\/uj.adatbank.ro\/lexikon\/wp-json\/wp\/v2\/types\/product"}],"replies":[{"embeddable":true,"href":"https:\/\/uj.adatbank.ro\/lexikon\/wp-json\/wp\/v2\/comments?post=25004"}],"wp:attachment":[{"href":"https:\/\/uj.adatbank.ro\/lexikon\/wp-json\/wp\/v2\/media?parent=25004"}],"wp:term":[{"taxonomy":"product_brand","embeddable":true,"href":"https:\/\/uj.adatbank.ro\/lexikon\/wp-json\/wp\/v2\/product_brand?post=25004"},{"taxonomy":"product_cat","embeddable":true,"href":"https:\/\/uj.adatbank.ro\/lexikon\/wp-json\/wp\/v2\/product_cat?post=25004"},{"taxonomy":"product_tag","embeddable":true,"href":"https:\/\/uj.adatbank.ro\/lexikon\/wp-json\/wp\/v2\/product_tag?post=25004"}],"curies":[{"name":"wp","href":"https:\/\/api.w.org\/{rel}","templated":true}]}}