{"id":25006,"date":"2025-08-01T18:29:27","date_gmt":"2025-08-01T16:29:27","guid":{"rendered":"https:\/\/uj.adatbank.ro\/lexikon\/termek\/zajonghy-elemer\/"},"modified":"2025-08-01T18:29:27","modified_gmt":"2025-08-01T16:29:27","slug":"zajonghy-elemer","status":"publish","type":"product","link":"https:\/\/uj.adatbank.ro\/lexikon\/termek\/zajonghy-elemer\/","title":{"rendered":"ZAJONGHY Elem\u00e9r"},"content":{"rendered":"<p>? \u2020\u00a0?: t\u00e1rsulatvezet\u0151. \u2013 T\u00e1rsulata volt (1890. j\u00fan. 5. \u2013 j\u00fal. 4. \u00e9s j\u00fal. 17\u201324.), ami nem volt sikeres. <br \/><strong>\u2013 Irod.:<\/strong> Kusz\u00e1lik\u2013Zal\u00e1nyi.<\/br><\/p>\n","protected":false},"excerpt":{"rendered":"<p>? \u2020\u00a0?: t\u00e1rsulatvezet\u0151. \u2013 T\u00e1rsulata volt (1890. j\u00fan. 5. \u2013 j\u00fal. 4. \u00e9s j\u00fal. 17\u201324.), ami nem volt sikeres. \u2013 Irod.: Kusz\u00e1lik\u2013Zal\u00e1nyi.<\/p>\n","protected":false},"featured_media":0,"comment_status":"open","ping_status":"closed","template":"","meta":[],"product_brand":[],"product_cat":[137],"product_tag":[],"class_list":{"0":"post-25006","1":"product","2":"type-product","3":"status-publish","5":"product_cat-maros-megyei-eletrajzi-lexikon","7":"first","8":"instock","9":"shipping-taxable","10":"product-type-simple"},"_links":{"self":[{"href":"https:\/\/uj.adatbank.ro\/lexikon\/wp-json\/wp\/v2\/product\/25006","targetHints":{"allow":["GET"]}}],"collection":[{"href":"https:\/\/uj.adatbank.ro\/lexikon\/wp-json\/wp\/v2\/product"}],"about":[{"href":"https:\/\/uj.adatbank.ro\/lexikon\/wp-json\/wp\/v2\/types\/product"}],"replies":[{"embeddable":true,"href":"https:\/\/uj.adatbank.ro\/lexikon\/wp-json\/wp\/v2\/comments?post=25006"}],"wp:attachment":[{"href":"https:\/\/uj.adatbank.ro\/lexikon\/wp-json\/wp\/v2\/media?parent=25006"}],"wp:term":[{"taxonomy":"product_brand","embeddable":true,"href":"https:\/\/uj.adatbank.ro\/lexikon\/wp-json\/wp\/v2\/product_brand?post=25006"},{"taxonomy":"product_cat","embeddable":true,"href":"https:\/\/uj.adatbank.ro\/lexikon\/wp-json\/wp\/v2\/product_cat?post=25006"},{"taxonomy":"product_tag","embeddable":true,"href":"https:\/\/uj.adatbank.ro\/lexikon\/wp-json\/wp\/v2\/product_tag?post=25006"}],"curies":[{"name":"wp","href":"https:\/\/api.w.org\/{rel}","templated":true}]}}