{"id":25009,"date":"2025-08-01T18:29:34","date_gmt":"2025-08-01T16:29:34","guid":{"rendered":"https:\/\/uj.adatbank.ro\/lexikon\/termek\/zajzon-gyorgy-2\/"},"modified":"2025-08-01T18:29:34","modified_gmt":"2025-08-01T16:29:34","slug":"zajzon-gyorgy-2","status":"publish","type":"product","link":"https:\/\/uj.adatbank.ro\/lexikon\/termek\/zajzon-gyorgy-2\/","title":{"rendered":"ZAJZON Gy\u00f6rgy"},"content":{"rendered":"<p>?\u00a0\u2020\u00a0?: igazgat\u00f3. \u2013 Feles\u00e9ge: Szentgy\u00f6rgyi M\u00e1ria. \u2013 A mv.-i K\u0151olajfinom\u00edt\u00f3 Rt. kereskedelmi igazgat\u00f3ja volt (20. sz. eleje). <br \/><strong>\u2013 Irod.:<\/strong> EBKL.<\/br><\/p>\n","protected":false},"excerpt":{"rendered":"<p>?\u00a0\u2020\u00a0?: igazgat\u00f3. \u2013 Feles\u00e9ge: Szentgy\u00f6rgyi M\u00e1ria. \u2013 A mv.-i K\u0151olajfinom\u00edt\u00f3 Rt. kereskedelmi igazgat\u00f3ja volt (20. sz. eleje). \u2013 Irod.: EBKL.<\/p>\n","protected":false},"featured_media":0,"comment_status":"open","ping_status":"closed","template":"","meta":[],"product_brand":[],"product_cat":[137],"product_tag":[],"class_list":{"0":"post-25009","1":"product","2":"type-product","3":"status-publish","5":"product_cat-maros-megyei-eletrajzi-lexikon","7":"first","8":"instock","9":"shipping-taxable","10":"product-type-simple"},"_links":{"self":[{"href":"https:\/\/uj.adatbank.ro\/lexikon\/wp-json\/wp\/v2\/product\/25009","targetHints":{"allow":["GET"]}}],"collection":[{"href":"https:\/\/uj.adatbank.ro\/lexikon\/wp-json\/wp\/v2\/product"}],"about":[{"href":"https:\/\/uj.adatbank.ro\/lexikon\/wp-json\/wp\/v2\/types\/product"}],"replies":[{"embeddable":true,"href":"https:\/\/uj.adatbank.ro\/lexikon\/wp-json\/wp\/v2\/comments?post=25009"}],"wp:attachment":[{"href":"https:\/\/uj.adatbank.ro\/lexikon\/wp-json\/wp\/v2\/media?parent=25009"}],"wp:term":[{"taxonomy":"product_brand","embeddable":true,"href":"https:\/\/uj.adatbank.ro\/lexikon\/wp-json\/wp\/v2\/product_brand?post=25009"},{"taxonomy":"product_cat","embeddable":true,"href":"https:\/\/uj.adatbank.ro\/lexikon\/wp-json\/wp\/v2\/product_cat?post=25009"},{"taxonomy":"product_tag","embeddable":true,"href":"https:\/\/uj.adatbank.ro\/lexikon\/wp-json\/wp\/v2\/product_tag?post=25009"}],"curies":[{"name":"wp","href":"https:\/\/api.w.org\/{rel}","templated":true}]}}